{"id":1258,"date":"2017-03-14T09:26:13","date_gmt":"2017-03-14T09:26:13","guid":{"rendered":"https:\/\/mogodetroit.org\/contact\/"},"modified":"2022-06-24T14:00:07","modified_gmt":"2022-06-24T18:00:07","slug":"contact","status":"publish","type":"page","link":"https:\/\/mogodetroit.org\/es\/acerca-de-mogo\/contact\/","title":{"rendered":"CONT\u00c1CTENOS"},"content":{"rendered":"\n\t    <div class=\"col-xs-12 col-sm-12 col-md-12 col-lg-12 bgthubpad alignCenter\">\n      <h1 class='marginBtm20'>CONT\u00c1CTENOS<\/h1>\n      <div><\/div>\n    <\/div>\n\n\t<h2><strong>Servicios al cliente<\/strong><\/h2>\n<p>Tel\u00e9fono: 888-MoGo-123<\/p>\n<p>Correo electr\u00f3nico: <a href=\"mailto:customerservice@mogodetroit.org\">customerservice@mogodetroit.org<\/a><\/p>\n<p>Si ya tiene un pase, incluya la direcci\u00f3n de correo electr\u00f3nico a la que est\u00e1 vinculada su cuenta o su n\u00famero de pase para ayudarnos a asistirle mejor.<\/p>\n<h2><strong>Consultas de prensa<\/strong><\/h2>\n<p>Para todas las preguntas y solicitudes de prensa, p\u00f3ngase en contacto con<a href=\"mailto:info@mogodetroit.org\"> info@mogodetroit.org<\/a><\/p>\n<h2><strong>Oportunidades de patrocinadores<\/strong><\/h2>\n<p>Para obtener m\u00e1s informaci\u00f3n sobre las oportunidades de patrocinar estaciones, cascos y programaci\u00f3n, env\u00ede un correo electr\u00f3nico a <a href=\"lisa@mogodetroit.org\">lisa@mogodetroit.org<\/a><\/p>\n<h2><strong>Solicitudes de donaci\u00f3n<\/strong><\/h2>\n<p>MoGo se enorgullece de apoyar a organizaciones que promueven y defienden la movilidad, la salud, el bienestar y la sustentabilidad. Para solicitar una donaci\u00f3n, env\u00ede un correo electr\u00f3nico a <a href=\"mailto:passes@mogodetroit.org\">passes@mogodetroit.org<\/a><\/p>\n<p>&nbsp;<\/p>\n\t<h1>SUGERIR FUTURAS ESTACIONES<\/h1>\n<p>&nbsp;<\/p>\n\t<p>\u00bfEst\u00e1 interesado en llevar a MoGo a su ciudad o barrio? Siga estos pasos para iniciar el proceso.<\/p>\n<p>&nbsp;<\/p>\n<p><strong>1. Sugerir una estaci\u00f3n &#8211;<\/strong> Coloque una chincheta en nuestro mapa de ubicaci\u00f3n de estaciones utilizando el bot\u00f3n de abajo.<\/p>\n<p>&nbsp;<\/p>\n<p><strong>2. Obtener apoyo &#8211;<\/strong> D\u00edgale a su comunidad local que muestre su apoyo d\u00e1ndole un \u00abme gusta\u00bb a su(s) sugerencia(s) o a\u00f1adiendo una sugerencia propia.<\/p>\n<p>&nbsp;<\/p>\n<p><strong>3. Ponerse en contacto con los funcionarios electos &#8211;<\/strong> P\u00f3ngase en contacto con los funcionarios electos de su localidad y com\u00e9nteles su deseo de que se instale una estaci\u00f3n MoGo en su comunidad.<\/p>\n<p>&nbsp;<\/p>\n<p><strong>4. Ponerse en contacto con MoGo &#8211;<\/strong> Con el apoyo de su comunidad, p\u00f3ngase en contacto con nosotros para empezar a explorar las opciones.<\/p>\n<p>&nbsp;<\/p>\n\t\t\t\t<img loading=\"lazy\" decoding=\"async\" src=\"https:\/\/mogodetroit.org\/wp-content\/uploads\/2020\/05\/flat_location_logo-1024x1024-300x300.png\" alt=\"flat_location_logo-1024x1024\" itemprop=\"image\" height=\"300\" width=\"300\" title=\"flat_location_logo-1024x1024\" onerror=\"this.style.display='none'\"  \/>\n\t\t\t<a href=\"https:\/\/mogodetroit.org\/maps\/suggest-a-station\/\" target=\"_blank\" role=\"button\" rel=\"noopener noreferrer\">\n\t\t\t\t\t\t\tRecomendar una estaci\u00f3n\n\t\t\t\t\t<\/a>\n","protected":false},"excerpt":{"rendered":"<p>Servicios al cliente Tel\u00e9fono: 888-MoGo-123 Correo electr\u00f3nico: customerservice@mogodetroit.org Si ya tiene un pase, incluya la direcci\u00f3n de correo electr\u00f3nico a la que est\u00e1 vinculada su cuenta o su n\u00famero de pase para ayudarnos a asistirle mejor. Consultas de prensa Para todas las preguntas y solicitudes de prensa, p\u00f3ngase en contacto con info@mogodetroit.org Oportunidades de patrocinadores Para obtener m\u00e1s informaci\u00f3n sobre las oportunidades de patrocinar estaciones, cascos y programaci\u00f3n, env\u00ede un<\/p>\n<p><a href=\"https:\/\/mogodetroit.org\/es\/acerca-de-mogo\/contact\/\" class=\"readmore\" >Leer m\u00e1s<\/a><\/p>\n","protected":false},"author":1,"featured_media":5141,"parent":1259,"menu_order":0,"comment_status":"closed","ping_status":"closed","template":"contact.php","meta":{"_acf_changed":false,"footnotes":""},"class_list":["post-1258","page","type-page","status-publish","has-post-thumbnail","hentry"],"acf":[],"yoast_head":"<!-- This site is optimized with the Yoast SEO plugin v25.2 - https:\/\/yoast.com\/wordpress\/plugins\/seo\/ -->\n<title>CONT\u00c1CTENOS - MoGo<\/title>\n<meta name=\"robots\" content=\"index, follow, max-snippet:-1, max-image-preview:large, max-video-preview:-1\" \/>\n<link rel=\"canonical\" href=\"https:\/\/mogodetroit.org\/es\/acerca-de-mogo\/contact\/\" \/>\n<meta property=\"og:locale\" content=\"es_ES\" \/>\n<meta property=\"og:type\" content=\"article\" \/>\n<meta property=\"og:title\" content=\"CONT\u00c1CTENOS - MoGo\" \/>\n<meta property=\"og:description\" content=\"Servicios al cliente Tel\u00e9fono: 888-MoGo-123 Correo electr\u00f3nico: customerservice@mogodetroit.org Si ya tiene un pase, incluya la direcci\u00f3n de correo electr\u00f3nico a la que est\u00e1 vinculada su cuenta o su n\u00famero de pase para ayudarnos a asistirle mejor. Consultas de prensa Para todas las preguntas y solicitudes de prensa, p\u00f3ngase en contacto con info@mogodetroit.org Oportunidades de patrocinadores Para obtener m\u00e1s informaci\u00f3n sobre las oportunidades de patrocinar estaciones, cascos y programaci\u00f3n, env\u00ede unLeer m\u00e1s\" \/>\n<meta property=\"og:url\" content=\"https:\/\/mogodetroit.org\/es\/acerca-de-mogo\/contact\/\" \/>\n<meta property=\"og:site_name\" content=\"MoGo\" \/>\n<meta property=\"article:modified_time\" content=\"2022-06-24T18:00:07+00:00\" \/>\n<meta property=\"og:image\" content=\"https:\/\/mogodetroit.org\/wp-content\/uploads\/2017\/04\/home2.jpg\" \/>\n\t<meta property=\"og:image:width\" content=\"1586\" \/>\n\t<meta property=\"og:image:height\" content=\"727\" \/>\n\t<meta property=\"og:image:type\" content=\"image\/jpeg\" \/>\n<meta name=\"twitter:card\" content=\"summary_large_image\" \/>\n<meta name=\"twitter:label1\" content=\"Tiempo de lectura\" \/>\n\t<meta name=\"twitter:data1\" content=\"1 minuto\" \/>\n<script type=\"application\/ld+json\" class=\"yoast-schema-graph\">{\"@context\":\"https:\/\/schema.org\",\"@graph\":[{\"@type\":\"WebPage\",\"@id\":\"https:\/\/mogodetroit.org\/es\/acerca-de-mogo\/contact\/\",\"url\":\"https:\/\/mogodetroit.org\/es\/acerca-de-mogo\/contact\/\",\"name\":\"CONT\u00c1CTENOS - MoGo\",\"isPartOf\":{\"@id\":\"https:\/\/mogodetroit.org\/#website\"},\"primaryImageOfPage\":{\"@id\":\"https:\/\/mogodetroit.org\/es\/acerca-de-mogo\/contact\/#primaryimage\"},\"image\":{\"@id\":\"https:\/\/mogodetroit.org\/es\/acerca-de-mogo\/contact\/#primaryimage\"},\"thumbnailUrl\":\"https:\/\/mogodetroit.org\/wp-content\/uploads\/2017\/04\/home2.jpg\",\"datePublished\":\"2017-03-14T09:26:13+00:00\",\"dateModified\":\"2022-06-24T18:00:07+00:00\",\"breadcrumb\":{\"@id\":\"https:\/\/mogodetroit.org\/es\/acerca-de-mogo\/contact\/#breadcrumb\"},\"inLanguage\":\"es\",\"potentialAction\":[{\"@type\":\"ReadAction\",\"target\":[\"https:\/\/mogodetroit.org\/es\/acerca-de-mogo\/contact\/\"]}]},{\"@type\":\"ImageObject\",\"inLanguage\":\"es\",\"@id\":\"https:\/\/mogodetroit.org\/es\/acerca-de-mogo\/contact\/#primaryimage\",\"url\":\"https:\/\/mogodetroit.org\/wp-content\/uploads\/2017\/04\/home2.jpg\",\"contentUrl\":\"https:\/\/mogodetroit.org\/wp-content\/uploads\/2017\/04\/home2.jpg\",\"width\":1586,\"height\":727},{\"@type\":\"BreadcrumbList\",\"@id\":\"https:\/\/mogodetroit.org\/es\/acerca-de-mogo\/contact\/#breadcrumb\",\"itemListElement\":[{\"@type\":\"ListItem\",\"position\":1,\"name\":\"Home\",\"item\":\"https:\/\/mogodetroit.org\/es\/\"},{\"@type\":\"ListItem\",\"position\":2,\"name\":\"Acerca de MoGo\",\"item\":\"https:\/\/mogodetroit.org\/es\/acerca-de-mogo\/\"},{\"@type\":\"ListItem\",\"position\":3,\"name\":\"CONT\u00c1CTENOS\"}]},{\"@type\":\"WebSite\",\"@id\":\"https:\/\/mogodetroit.org\/#website\",\"url\":\"https:\/\/mogodetroit.org\/\",\"name\":\"MoGo\",\"description\":\"Detroit Bike Share\",\"potentialAction\":[{\"@type\":\"SearchAction\",\"target\":{\"@type\":\"EntryPoint\",\"urlTemplate\":\"https:\/\/mogodetroit.org\/?s={search_term_string}\"},\"query-input\":{\"@type\":\"PropertyValueSpecification\",\"valueRequired\":true,\"valueName\":\"search_term_string\"}}],\"inLanguage\":\"es\"}]}<\/script>\n<!-- \/ Yoast SEO plugin. -->","yoast_head_json":{"title":"CONT\u00c1CTENOS - MoGo","robots":{"index":"index","follow":"follow","max-snippet":"max-snippet:-1","max-image-preview":"max-image-preview:large","max-video-preview":"max-video-preview:-1"},"canonical":"https:\/\/mogodetroit.org\/es\/acerca-de-mogo\/contact\/","og_locale":"es_ES","og_type":"article","og_title":"CONT\u00c1CTENOS - MoGo","og_description":"Servicios al cliente Tel\u00e9fono: 888-MoGo-123 Correo electr\u00f3nico: customerservice@mogodetroit.org Si ya tiene un pase, incluya la direcci\u00f3n de correo electr\u00f3nico a la que est\u00e1 vinculada su cuenta o su n\u00famero de pase para ayudarnos a asistirle mejor. Consultas de prensa Para todas las preguntas y solicitudes de prensa, p\u00f3ngase en contacto con info@mogodetroit.org Oportunidades de patrocinadores Para obtener m\u00e1s informaci\u00f3n sobre las oportunidades de patrocinar estaciones, cascos y programaci\u00f3n, env\u00ede unLeer m\u00e1s","og_url":"https:\/\/mogodetroit.org\/es\/acerca-de-mogo\/contact\/","og_site_name":"MoGo","article_modified_time":"2022-06-24T18:00:07+00:00","og_image":[{"width":1586,"height":727,"url":"https:\/\/mogodetroit.org\/wp-content\/uploads\/2017\/04\/home2.jpg","type":"image\/jpeg"}],"twitter_card":"summary_large_image","twitter_misc":{"Tiempo de lectura":"1 minuto"},"schema":{"@context":"https:\/\/schema.org","@graph":[{"@type":"WebPage","@id":"https:\/\/mogodetroit.org\/es\/acerca-de-mogo\/contact\/","url":"https:\/\/mogodetroit.org\/es\/acerca-de-mogo\/contact\/","name":"CONT\u00c1CTENOS - MoGo","isPartOf":{"@id":"https:\/\/mogodetroit.org\/#website"},"primaryImageOfPage":{"@id":"https:\/\/mogodetroit.org\/es\/acerca-de-mogo\/contact\/#primaryimage"},"image":{"@id":"https:\/\/mogodetroit.org\/es\/acerca-de-mogo\/contact\/#primaryimage"},"thumbnailUrl":"https:\/\/mogodetroit.org\/wp-content\/uploads\/2017\/04\/home2.jpg","datePublished":"2017-03-14T09:26:13+00:00","dateModified":"2022-06-24T18:00:07+00:00","breadcrumb":{"@id":"https:\/\/mogodetroit.org\/es\/acerca-de-mogo\/contact\/#breadcrumb"},"inLanguage":"es","potentialAction":[{"@type":"ReadAction","target":["https:\/\/mogodetroit.org\/es\/acerca-de-mogo\/contact\/"]}]},{"@type":"ImageObject","inLanguage":"es","@id":"https:\/\/mogodetroit.org\/es\/acerca-de-mogo\/contact\/#primaryimage","url":"https:\/\/mogodetroit.org\/wp-content\/uploads\/2017\/04\/home2.jpg","contentUrl":"https:\/\/mogodetroit.org\/wp-content\/uploads\/2017\/04\/home2.jpg","width":1586,"height":727},{"@type":"BreadcrumbList","@id":"https:\/\/mogodetroit.org\/es\/acerca-de-mogo\/contact\/#breadcrumb","itemListElement":[{"@type":"ListItem","position":1,"name":"Home","item":"https:\/\/mogodetroit.org\/es\/"},{"@type":"ListItem","position":2,"name":"Acerca de MoGo","item":"https:\/\/mogodetroit.org\/es\/acerca-de-mogo\/"},{"@type":"ListItem","position":3,"name":"CONT\u00c1CTENOS"}]},{"@type":"WebSite","@id":"https:\/\/mogodetroit.org\/#website","url":"https:\/\/mogodetroit.org\/","name":"MoGo","description":"Detroit Bike Share","potentialAction":[{"@type":"SearchAction","target":{"@type":"EntryPoint","urlTemplate":"https:\/\/mogodetroit.org\/?s={search_term_string}"},"query-input":{"@type":"PropertyValueSpecification","valueRequired":true,"valueName":"search_term_string"}}],"inLanguage":"es"}]}},"_links":{"self":[{"href":"https:\/\/mogodetroit.org\/es\/wp-json\/wp\/v2\/pages\/1258","targetHints":{"allow":["GET"]}}],"collection":[{"href":"https:\/\/mogodetroit.org\/es\/wp-json\/wp\/v2\/pages"}],"about":[{"href":"https:\/\/mogodetroit.org\/es\/wp-json\/wp\/v2\/types\/page"}],"author":[{"embeddable":true,"href":"https:\/\/mogodetroit.org\/es\/wp-json\/wp\/v2\/users\/1"}],"replies":[{"embeddable":true,"href":"https:\/\/mogodetroit.org\/es\/wp-json\/wp\/v2\/comments?post=1258"}],"version-history":[{"count":10,"href":"https:\/\/mogodetroit.org\/es\/wp-json\/wp\/v2\/pages\/1258\/revisions"}],"predecessor-version":[{"id":10749,"href":"https:\/\/mogodetroit.org\/es\/wp-json\/wp\/v2\/pages\/1258\/revisions\/10749"}],"up":[{"embeddable":true,"href":"https:\/\/mogodetroit.org\/es\/wp-json\/wp\/v2\/pages\/1259"}],"wp:featuredmedia":[{"embeddable":true,"href":"https:\/\/mogodetroit.org\/es\/wp-json\/wp\/v2\/media\/5141"}],"wp:attachment":[{"href":"https:\/\/mogodetroit.org\/es\/wp-json\/wp\/v2\/media?parent=1258"}],"curies":[{"name":"wp","href":"https:\/\/api.w.org\/{rel}","templated":true}]}}