{"id":1259,"date":"2017-03-16T16:14:15","date_gmt":"2017-03-16T16:14:15","guid":{"rendered":"https:\/\/mogodetroit.org\/bike-rental-detroit\/"},"modified":"2025-06-03T03:23:55","modified_gmt":"2025-06-03T07:23:55","slug":"acerca-de-mogo","status":"publish","type":"page","link":"https:\/\/mogodetroit.org\/es\/acerca-de-mogo\/","title":{"rendered":"Acerca de MoGo"},"content":{"rendered":"\r\n<p>    <div class=\"col-xs-12 col-sm-12 col-md-12 col-lg-12 bgthubpad alignCenter\">\n      <h1 class='marginBtm20'>Acerca de MoGo<\/h1>\n      <div><\/div>\n    <\/div>\n ACERCA de Mogo<\/p>\r\n<p>Las semillas de MoGo se plantaron en la Oficina de Desarrollo Econ\u00f3mico de la Universidad Estatal de Wayne en 2012. Varias fundaciones y empresas locales ayudaron a financiar un estudio de viabilidad en 2013, que ha servido de hoja de ruta para la implementaci\u00f3n de las bicicletas compartidas en Detroit. MoGo se convirti\u00f3 en una organizaci\u00f3n sin fines de lucro de Downtown Detroit Partnership en 2015.<\/p>\r\n<p>&nbsp;<\/p>\r\n<p>MoGo es posible gracias a una importante asociaci\u00f3n con Henry Ford Health System and Health Alliance Plan (HAP) y a una asociaci\u00f3n con el Departamento de Transporte de la ciudad de Detroit, que ayud\u00f3 a conseguir financiaci\u00f3n federal para el tr\u00e1nsito no motorizado para MoGo. MoGo seleccion\u00f3 a PBSC Urban Solutions como proveedor de equipos del sistema, y a Shift Transit como operador el sistema.<\/p>\r\n<p>&nbsp;<\/p>\r\n<p>MoGo opera en 10 vecindarios del centro de Detroit, as\u00ed como en el noroeste de Detroit, Ferndale, Oak Park, Huntington Woods, Berkley y Royal Oak.<\/p>\r\n<p>&nbsp;<\/p>\r\n<p>MoGo est\u00e1 disponible las 24 horas del d\u00eda, los 7 d\u00edas de la semana, los 365 d\u00edas del a\u00f1o.<\/p>\r\n<p><img loading=\"lazy\" decoding=\"async\" title=\"MoGo_NW Detroit_JMW_017\" src=\"https:\/\/mogodetroit.org\/wp-content\/uploads\/2021\/08\/MoGo_NW-Detroit_JMW_017-1-scaled.jpg\" alt=\"MoGo_NW Detroit_JMW_017\" width=\"2560\" height=\"1707\" \/><\/p>\r\n<h1>CONOZCA LAS BICICLETAS<\/h1>\r\n<p>Las bicicletas MoGo est\u00e1n construidas para soportar la conducci\u00f3n en un entorno urbano y est\u00e1n dise\u00f1adas para la comodidad de una amplia variedad de ciclistas.<\/p>\r\n<p><img loading=\"lazy\" decoding=\"async\" title=\"mogo-bike-website\" src=\"https:\/\/mogodetroit.org\/wp-content\/uploads\/2020\/05\/mogo-bike-website.png\" alt=\"mogo-bike-website\" width=\"902\" height=\"564\" \/><\/p>\r\n<h2>FRENOS DE RODILLO<\/h2>\r\n<p>para un frenado eficaz, de bajo mantenimiento y seguro<\/p>\r\n<h2>PROTECTOR DE CADENA<\/h2>\r\n<p>para proteger la ropa de los ciclistas<\/p>\r\n<h2>ESTRUCTURA DE ALUMINIO<\/h2>\r\n<p>liviana y duradera<\/p>\r\n<h2>BUJES DE ENGRANAJE INTEGRADOS<\/h2>\r\n<p>Shimano Nexus de 3 velocidades<\/p>\r\n<h2>Portaequipaje robusto<\/h2>\r\n<p>en donde cabe un malet\u00edn o bolso normal<\/p>\r\n<h2>Sistema de iluminaci\u00f3n<\/h2>\r\n<p>alimentado por una dinamo con una vida \u00fatil de 10.000 horas<\/p>\r\n<h2>Asiento c\u00f3modo<\/h2>\r\n<p>a prueba de robos, con una escala marcada para ajustar la altura<\/p>\r\n<h2>DISPOSITIVO DE BLOQUEO<\/h2>\r\n<p>situado en la parte delantera de la bicicleta que se bloquea en cada estaci\u00f3n<\/p>\r\n<p><img loading=\"lazy\" decoding=\"async\" title=\"Boost Logo\" src=\"https:\/\/mogodetroit.org\/wp-content\/uploads\/2019\/08\/Boost-Logo.png\" alt=\"Boost Logo\" width=\"458\" height=\"84\" \/><\/p>\r\n<h2>Nueva tecnolog\u00eda de pedaleo el\u00e9ctrico<\/h2>\r\n<p>Disfrute de un viaje suave, divertido y m\u00e1s f\u00e1cil en distancias m\u00e1s largas,<\/p>\r\n<p>subiendo colinas y con el viento en contra.<\/p>\r\n<p><img loading=\"lazy\" decoding=\"async\" title=\"About-MoGo-Boost-bike\" src=\"https:\/\/mogodetroit.org\/wp-content\/uploads\/2020\/05\/About-MoGo-Boost-bike.png\" alt=\"About-MoGo-Boost-bike\" width=\"1024\" height=\"631\" \/><\/p>\r\n<h2>15 MPH<\/h2>\r\n<p>m\u00e1xima velocidad para impulsar su viaje<\/p>\r\n<h2><strong>~ 40 MILLAS<\/strong><\/h2>\r\n<p>de autonom\u00eda de la bater\u00eda para moverse por la ciudad.<\/p>\r\n","protected":false},"excerpt":{"rendered":"<p>ACERCA de Mogo Las semillas de MoGo se plantaron en la Oficina de Desarrollo Econ\u00f3mico de la Universidad Estatal de Wayne en 2012. Varias fundaciones y empresas locales ayudaron a financiar un estudio de viabilidad en 2013, que ha servido de hoja de ruta para la implementaci\u00f3n de las bicicletas compartidas en Detroit. MoGo se convirti\u00f3 en una organizaci\u00f3n sin fines de lucro de Downtown Detroit Partnership en 2015. &nbsp;<\/p>\n<p><a href=\"https:\/\/mogodetroit.org\/es\/acerca-de-mogo\/\" class=\"readmore\" >Leer m\u00e1s<\/a><\/p>\n","protected":false},"author":1,"featured_media":0,"parent":0,"menu_order":0,"comment_status":"closed","ping_status":"closed","template":"","meta":{"_acf_changed":false,"footnotes":""},"class_list":["post-1259","page","type-page","status-publish","hentry"],"acf":[],"yoast_head":"<!-- This site is optimized with the Yoast SEO plugin v25.2 - https:\/\/yoast.com\/wordpress\/plugins\/seo\/ -->\n<title>Acerca de MoGo - MoGo<\/title>\n<meta name=\"robots\" content=\"index, follow, max-snippet:-1, max-image-preview:large, max-video-preview:-1\" \/>\n<link rel=\"canonical\" href=\"https:\/\/mogodetroit.org\/es\/acerca-de-mogo\/\" \/>\n<meta property=\"og:locale\" content=\"es_ES\" \/>\n<meta property=\"og:type\" content=\"article\" \/>\n<meta property=\"og:title\" content=\"Acerca de MoGo - MoGo\" \/>\n<meta property=\"og:description\" content=\"ACERCA de Mogo Las semillas de MoGo se plantaron en la Oficina de Desarrollo Econ\u00f3mico de la Universidad Estatal de Wayne en 2012. Varias fundaciones y empresas locales ayudaron a financiar un estudio de viabilidad en 2013, que ha servido de hoja de ruta para la implementaci\u00f3n de las bicicletas compartidas en Detroit. MoGo se convirti\u00f3 en una organizaci\u00f3n sin fines de lucro de Downtown Detroit Partnership en 2015. &nbsp;Leer m\u00e1s\" \/>\n<meta property=\"og:url\" content=\"https:\/\/mogodetroit.org\/es\/acerca-de-mogo\/\" \/>\n<meta property=\"og:site_name\" content=\"MoGo\" \/>\n<meta property=\"article:modified_time\" content=\"2025-06-03T07:23:55+00:00\" \/>\n<meta property=\"og:image\" content=\"https:\/\/mogodetroit.org\/wp-content\/uploads\/2021\/08\/MoGo_NW-Detroit_JMW_017-1-scaled.jpg\" \/>\n<meta name=\"twitter:card\" content=\"summary_large_image\" \/>\n<meta name=\"twitter:label1\" content=\"Tiempo de lectura\" \/>\n\t<meta name=\"twitter:data1\" content=\"3 minutos\" \/>\n<script type=\"application\/ld+json\" class=\"yoast-schema-graph\">{\"@context\":\"https:\/\/schema.org\",\"@graph\":[{\"@type\":\"WebPage\",\"@id\":\"https:\/\/mogodetroit.org\/es\/acerca-de-mogo\/\",\"url\":\"https:\/\/mogodetroit.org\/es\/acerca-de-mogo\/\",\"name\":\"Acerca de MoGo - MoGo\",\"isPartOf\":{\"@id\":\"https:\/\/mogodetroit.org\/#website\"},\"primaryImageOfPage\":{\"@id\":\"https:\/\/mogodetroit.org\/es\/acerca-de-mogo\/#primaryimage\"},\"image\":{\"@id\":\"https:\/\/mogodetroit.org\/es\/acerca-de-mogo\/#primaryimage\"},\"thumbnailUrl\":\"https:\/\/mogodetroit.org\/wp-content\/uploads\/2021\/08\/MoGo_NW-Detroit_JMW_017-1-scaled.jpg\",\"datePublished\":\"2017-03-16T16:14:15+00:00\",\"dateModified\":\"2025-06-03T07:23:55+00:00\",\"breadcrumb\":{\"@id\":\"https:\/\/mogodetroit.org\/es\/acerca-de-mogo\/#breadcrumb\"},\"inLanguage\":\"es\",\"potentialAction\":[{\"@type\":\"ReadAction\",\"target\":[\"https:\/\/mogodetroit.org\/es\/acerca-de-mogo\/\"]}]},{\"@type\":\"ImageObject\",\"inLanguage\":\"es\",\"@id\":\"https:\/\/mogodetroit.org\/es\/acerca-de-mogo\/#primaryimage\",\"url\":\"https:\/\/mogodetroit.org\/wp-content\/uploads\/2021\/08\/MoGo_NW-Detroit_JMW_017-1-scaled.jpg\",\"contentUrl\":\"https:\/\/mogodetroit.org\/wp-content\/uploads\/2021\/08\/MoGo_NW-Detroit_JMW_017-1-scaled.jpg\"},{\"@type\":\"BreadcrumbList\",\"@id\":\"https:\/\/mogodetroit.org\/es\/acerca-de-mogo\/#breadcrumb\",\"itemListElement\":[{\"@type\":\"ListItem\",\"position\":1,\"name\":\"Home\",\"item\":\"https:\/\/mogodetroit.org\/es\/\"},{\"@type\":\"ListItem\",\"position\":2,\"name\":\"Acerca de MoGo\"}]},{\"@type\":\"WebSite\",\"@id\":\"https:\/\/mogodetroit.org\/#website\",\"url\":\"https:\/\/mogodetroit.org\/\",\"name\":\"MoGo\",\"description\":\"Detroit Bike Share\",\"potentialAction\":[{\"@type\":\"SearchAction\",\"target\":{\"@type\":\"EntryPoint\",\"urlTemplate\":\"https:\/\/mogodetroit.org\/?s={search_term_string}\"},\"query-input\":{\"@type\":\"PropertyValueSpecification\",\"valueRequired\":true,\"valueName\":\"search_term_string\"}}],\"inLanguage\":\"es\"}]}<\/script>\n<!-- \/ Yoast SEO plugin. -->","yoast_head_json":{"title":"Acerca de MoGo - MoGo","robots":{"index":"index","follow":"follow","max-snippet":"max-snippet:-1","max-image-preview":"max-image-preview:large","max-video-preview":"max-video-preview:-1"},"canonical":"https:\/\/mogodetroit.org\/es\/acerca-de-mogo\/","og_locale":"es_ES","og_type":"article","og_title":"Acerca de MoGo - MoGo","og_description":"ACERCA de Mogo Las semillas de MoGo se plantaron en la Oficina de Desarrollo Econ\u00f3mico de la Universidad Estatal de Wayne en 2012. Varias fundaciones y empresas locales ayudaron a financiar un estudio de viabilidad en 2013, que ha servido de hoja de ruta para la implementaci\u00f3n de las bicicletas compartidas en Detroit. MoGo se convirti\u00f3 en una organizaci\u00f3n sin fines de lucro de Downtown Detroit Partnership en 2015. &nbsp;Leer m\u00e1s","og_url":"https:\/\/mogodetroit.org\/es\/acerca-de-mogo\/","og_site_name":"MoGo","article_modified_time":"2025-06-03T07:23:55+00:00","og_image":[{"url":"https:\/\/mogodetroit.org\/wp-content\/uploads\/2021\/08\/MoGo_NW-Detroit_JMW_017-1-scaled.jpg","type":"","width":"","height":""}],"twitter_card":"summary_large_image","twitter_misc":{"Tiempo de lectura":"3 minutos"},"schema":{"@context":"https:\/\/schema.org","@graph":[{"@type":"WebPage","@id":"https:\/\/mogodetroit.org\/es\/acerca-de-mogo\/","url":"https:\/\/mogodetroit.org\/es\/acerca-de-mogo\/","name":"Acerca de MoGo - MoGo","isPartOf":{"@id":"https:\/\/mogodetroit.org\/#website"},"primaryImageOfPage":{"@id":"https:\/\/mogodetroit.org\/es\/acerca-de-mogo\/#primaryimage"},"image":{"@id":"https:\/\/mogodetroit.org\/es\/acerca-de-mogo\/#primaryimage"},"thumbnailUrl":"https:\/\/mogodetroit.org\/wp-content\/uploads\/2021\/08\/MoGo_NW-Detroit_JMW_017-1-scaled.jpg","datePublished":"2017-03-16T16:14:15+00:00","dateModified":"2025-06-03T07:23:55+00:00","breadcrumb":{"@id":"https:\/\/mogodetroit.org\/es\/acerca-de-mogo\/#breadcrumb"},"inLanguage":"es","potentialAction":[{"@type":"ReadAction","target":["https:\/\/mogodetroit.org\/es\/acerca-de-mogo\/"]}]},{"@type":"ImageObject","inLanguage":"es","@id":"https:\/\/mogodetroit.org\/es\/acerca-de-mogo\/#primaryimage","url":"https:\/\/mogodetroit.org\/wp-content\/uploads\/2021\/08\/MoGo_NW-Detroit_JMW_017-1-scaled.jpg","contentUrl":"https:\/\/mogodetroit.org\/wp-content\/uploads\/2021\/08\/MoGo_NW-Detroit_JMW_017-1-scaled.jpg"},{"@type":"BreadcrumbList","@id":"https:\/\/mogodetroit.org\/es\/acerca-de-mogo\/#breadcrumb","itemListElement":[{"@type":"ListItem","position":1,"name":"Home","item":"https:\/\/mogodetroit.org\/es\/"},{"@type":"ListItem","position":2,"name":"Acerca de MoGo"}]},{"@type":"WebSite","@id":"https:\/\/mogodetroit.org\/#website","url":"https:\/\/mogodetroit.org\/","name":"MoGo","description":"Detroit Bike Share","potentialAction":[{"@type":"SearchAction","target":{"@type":"EntryPoint","urlTemplate":"https:\/\/mogodetroit.org\/?s={search_term_string}"},"query-input":{"@type":"PropertyValueSpecification","valueRequired":true,"valueName":"search_term_string"}}],"inLanguage":"es"}]}},"_links":{"self":[{"href":"https:\/\/mogodetroit.org\/es\/wp-json\/wp\/v2\/pages\/1259","targetHints":{"allow":["GET"]}}],"collection":[{"href":"https:\/\/mogodetroit.org\/es\/wp-json\/wp\/v2\/pages"}],"about":[{"href":"https:\/\/mogodetroit.org\/es\/wp-json\/wp\/v2\/types\/page"}],"author":[{"embeddable":true,"href":"https:\/\/mogodetroit.org\/es\/wp-json\/wp\/v2\/users\/1"}],"replies":[{"embeddable":true,"href":"https:\/\/mogodetroit.org\/es\/wp-json\/wp\/v2\/comments?post=1259"}],"version-history":[{"count":11,"href":"https:\/\/mogodetroit.org\/es\/wp-json\/wp\/v2\/pages\/1259\/revisions"}],"predecessor-version":[{"id":12315,"href":"https:\/\/mogodetroit.org\/es\/wp-json\/wp\/v2\/pages\/1259\/revisions\/12315"}],"wp:attachment":[{"href":"https:\/\/mogodetroit.org\/es\/wp-json\/wp\/v2\/media?parent=1259"}],"curies":[{"name":"wp","href":"https:\/\/api.w.org\/{rel}","templated":true}]}}