{"id":1281,"date":"2017-08-14T20:18:36","date_gmt":"2017-08-14T20:18:36","guid":{"rendered":"https:\/\/mogodetroit.org\/?page_id=1281\/"},"modified":"2022-06-24T14:02:20","modified_gmt":"2022-06-24T18:02:20","slug":"como-funciona","status":"publish","type":"page","link":"https:\/\/mogodetroit.org\/es\/como-funciona\/","title":{"rendered":"C\u00d3MO <span>FUNCIONA<\/span>"},"content":{"rendered":"\n\t    <div class=\"col-xs-12 col-sm-12 col-md-12 col-lg-12 bgthubpad alignCenter\">\n      <h1 class='marginBtm20'>C\u00d3MO <span>FUNCIONA<\/span><\/h1>\n      <div><p>Despl\u00e1zate por Detroit en dos ruedas<\/p>\n<\/div>\n    <\/div>\n\n\t<p>MoGo es el sistema de bicicletas compartidas sin fines de lucro de Metro Detroit. Dise\u00f1ado para viajes r\u00e1pidos por la ciudad, MoGo es una forma divertida, flexible y c\u00f3moda de desplazarse.<\/p>\n\t<ul>\n<li><img loading=\"lazy\" decoding=\"async\" src=\"https:\/\/mogodetroit.org\/wp-content\/uploads\/2017\/03\/purchase-300x200.jpg\" alt=\"\" width=\"300\" height=\"200\" \/><\/li>\n<li>COMPRAR UN PASE<\/li>\n<\/ul>\n\t<p>Compre un pase en l\u00ednea, con la aplicaci\u00f3n Transit, o en cualquiera de nuestras estaciones. Hay disponibles opciones de pago en efectivo y de pago flexible.<\/p>\n\t<ul>\n<li><img loading=\"lazy\" decoding=\"async\" src=\"https:\/\/mogodetroit.org\/wp-content\/uploads\/2017\/03\/MOGO-DETROIT-RIDE-300x200.jpg\" alt=\"\" width=\"300\" height=\"200\" \/><\/li>\n<li>OBTENER UNA BICICLETA<\/li>\n<\/ul>\n\t<p>Retire una bicicleta en cualquiera de nuestras estaciones. Haga todos los viajes cortos que quiera mientras su pase est\u00e9 activo.<\/p>\n\t<ul>\n<li><img loading=\"lazy\" decoding=\"async\" src=\"https:\/\/mogodetroit.org\/wp-content\/uploads\/2017\/03\/MOGO-DETROIT-RIDE-300x200.jpg\" alt=\"\" width=\"300\" height=\"200\" \/><\/li>\n<li>DEVOLVER LA BICICLETA<\/li>\n<\/ul>\n\t<p>Las bicicletas deben devolverse en cualquier estaci\u00f3n. Deslice la bicicleta firmemente en un anclaje vac\u00edo y espere a que se encienda la luz verde para asegurarse de que est\u00e1 bloqueada.<\/p>\n\t<ul>\n<li><img loading=\"lazy\" decoding=\"async\" src=\"https:\/\/mogodetroit.org\/wp-content\/uploads\/2017\/03\/MOGO-DETROIT-GETITBACK-300x200.jpg\" alt=\"\" width=\"300\" height=\"200\" \/><\/li>\n<li>VIAJAR DE NUEVO<\/li>\n<\/ul>\n\t<p>\u00a1Encuentre una nueva estaci\u00f3n y viaje nuevamente!<\/p>\n\t\t\t\t<img loading=\"lazy\" decoding=\"async\" src=\"https:\/\/mogodetroit.org\/wp-content\/uploads\/2021\/11\/MoGo_Downtown_JMW_035-scaled.jpg\" alt=\"MoGo_Downtown_JMW_035\" itemprop=\"image\" height=\"1707\" width=\"2560\" title=\"MoGo_Downtown_JMW_035\" onerror=\"this.style.display='none'\"  \/>\n\t<h1>MOGO ES PARA TODOS<\/h1>\n<p>\u00bfEs usted un residente que busca m\u00e1s diversi\u00f3n, flexibilidad y comodidad en sus traslados diarios? O tal vez se desplaza en transporte p\u00fablico y desea mejores conexiones para el comienzo o el final de su viaje. \u00bfAlguna vez ha necesitado hacer un recado o dirigirse a una reuni\u00f3n, pero est\u00e1 cansado de buscar un lugar para aparcar? Tal vez sea un estudiante que necesita desplazarse por el campus de forma m\u00e1s econ\u00f3mica y eficiente. Incluso puede que est\u00e9 visitando la ciudad y busque una forma divertida de conocer m\u00e1s de Detroit.<\/p>\n<p>&nbsp;<\/p>\n<p>MoGo est\u00e1 dise\u00f1ado para servir a una gran variedad de usuarios y viajes por la ciudad. MoGo le proporciona libertad y flexibilidad para moverse a precios que todo el mundo puede pagar. \u00a1Encuentre la opci\u00f3n de pase adecuada para su pr\u00f3ximo viaje!<\/p>\n\t\t\t<a href=\"https:\/\/mogodetroit.org\/es\/precios\" target=\"_self\" role=\"button\" rel=\"noopener noreferrer\">\n\t\t\t\t\t\t\tOpciones de pases\n\t\t\t\t\t<\/a>\n\t<h1>\u00bfPOR QU\u00c9 MOGO?<\/h1>\n\t\t\t\t<img loading=\"lazy\" decoding=\"async\" src=\"https:\/\/mogodetroit.org\/wp-content\/uploads\/2017\/03\/save-money.png\" alt=\"save money\" itemprop=\"image\" height=\"80\" width=\"80\" title=\"save money\" onerror=\"this.style.display='none'\"  \/>\n\tAHORRE DINERO\n\t<p>Contamos con una amplia variedad de opciones de pases asequibles para todo tipo de usuarios y necesidades. Con MoGo, no hay multas de aparcamiento ni gastos de seguro: \u00a1lo tenemos cubierto!<\/p>\n\t\t\t\t<img loading=\"lazy\" decoding=\"async\" src=\"https:\/\/mogodetroit.org\/wp-content\/uploads\/2017\/03\/save-time.png\" alt=\"save time\" itemprop=\"image\" height=\"80\" width=\"80\" title=\"save time\" onerror=\"this.style.display='none'\"  \/>\n\tAHORRE TIEMPO\n\t<p>Viajar en MoGo es una forma r\u00e1pida y f\u00e1cil de llegar a donde necesita ir. Con estaciones en varias ciudades del \u00e1rea metropolitana de Detroit, es m\u00e1s conveniente que usar su propia bicicleta.<\/p>\n\t\t\t\t<img loading=\"lazy\" decoding=\"async\" src=\"https:\/\/mogodetroit.org\/wp-content\/uploads\/2017\/03\/have-fun.png\" alt=\"have fun\" itemprop=\"image\" height=\"80\" width=\"80\" title=\"have fun\" onerror=\"this.style.display='none'\"  \/>\n\t\u00a1DIVI\u00c9RTASE!\n\t<p>Disfrute llegando a donde necesita sobre dos ruedas. Viajar en MoGo es un gran ejercicio y puede reducir el estr\u00e9s y mejorar su salud.<\/p>\n\t\t\t\t<img loading=\"lazy\" decoding=\"async\" src=\"https:\/\/mogodetroit.org\/wp-content\/uploads\/2017\/03\/go-green.png\" alt=\"go green\" itemprop=\"image\" height=\"80\" width=\"80\" title=\"go green\" onerror=\"this.style.display='none'\"  \/>\n\tCUIDE EL MEDIO AMBIENTE\n\t<p>Viajar en MoGo reduce las emisiones de carbono y ayuda a mantener los contaminantes fuera del aire, haciendo que la regi\u00f3n sea m\u00e1s saludable, \u00a1y m\u00e1s feliz!<\/p>\n\t<h1><strong>\u00bfLISTO PARA EMPEZAR?<\/strong><\/h1>\n<p>Con docenas de estaciones y cientos de bicicletas, MoGo es la forma m\u00e1s f\u00e1cil de desplazarse y explorar.<\/p>\n\t\t\t<a href=\"https:\/\/mogodetroit.org\/es\/mapa-del-sitio\/\" target=\"_self\" role=\"button\" rel=\"noopener noreferrer\">\n\t\t\t\t\t\t\tBuscar una estaci\u00f3n\n\t\t\t\t\t<\/a>\n","protected":false},"excerpt":{"rendered":"<p>Despl\u00e1zate por Detroit en dos ruedas<\/p>\n","protected":false},"author":1,"featured_media":0,"parent":0,"menu_order":0,"comment_status":"closed","ping_status":"closed","template":"","meta":{"_acf_changed":false,"footnotes":""},"class_list":["post-1281","page","type-page","status-publish","hentry"],"acf":[],"yoast_head":"<!-- This site is optimized with the Yoast SEO plugin v25.2 - https:\/\/yoast.com\/wordpress\/plugins\/seo\/ -->\n<title>C\u00d3MO FUNCIONA - MoGo<\/title>\n<meta name=\"robots\" content=\"index, follow, max-snippet:-1, max-image-preview:large, max-video-preview:-1\" \/>\n<link rel=\"canonical\" href=\"https:\/\/mogodetroit.org\/es\/como-funciona\/\" \/>\n<meta property=\"og:locale\" content=\"es_ES\" \/>\n<meta property=\"og:type\" content=\"article\" \/>\n<meta property=\"og:title\" content=\"C\u00d3MO FUNCIONA - MoGo\" \/>\n<meta property=\"og:description\" content=\"Despl\u00e1zate por Detroit en dos ruedas\" \/>\n<meta property=\"og:url\" content=\"https:\/\/mogodetroit.org\/es\/como-funciona\/\" \/>\n<meta property=\"og:site_name\" content=\"MoGo\" \/>\n<meta property=\"article:modified_time\" content=\"2022-06-24T18:02:20+00:00\" \/>\n<meta property=\"og:image\" content=\"https:\/\/mogodetroit.org\/wp-content\/uploads\/2017\/03\/purchase-300x200.jpg\" \/>\n<meta name=\"twitter:card\" content=\"summary_large_image\" \/>\n<meta name=\"twitter:label1\" content=\"Tiempo de lectura\" \/>\n\t<meta name=\"twitter:data1\" content=\"2 minutos\" \/>\n<script type=\"application\/ld+json\" class=\"yoast-schema-graph\">{\"@context\":\"https:\/\/schema.org\",\"@graph\":[{\"@type\":\"WebPage\",\"@id\":\"https:\/\/mogodetroit.org\/es\/como-funciona\/\",\"url\":\"https:\/\/mogodetroit.org\/es\/como-funciona\/\",\"name\":\"C\u00d3MO FUNCIONA - MoGo\",\"isPartOf\":{\"@id\":\"https:\/\/mogodetroit.org\/#website\"},\"primaryImageOfPage\":{\"@id\":\"https:\/\/mogodetroit.org\/es\/como-funciona\/#primaryimage\"},\"image\":{\"@id\":\"https:\/\/mogodetroit.org\/es\/como-funciona\/#primaryimage\"},\"thumbnailUrl\":\"https:\/\/mogodetroit.org\/wp-content\/uploads\/2017\/03\/purchase-300x200.jpg\",\"datePublished\":\"2017-08-14T20:18:36+00:00\",\"dateModified\":\"2022-06-24T18:02:20+00:00\",\"breadcrumb\":{\"@id\":\"https:\/\/mogodetroit.org\/es\/como-funciona\/#breadcrumb\"},\"inLanguage\":\"es\",\"potentialAction\":[{\"@type\":\"ReadAction\",\"target\":[\"https:\/\/mogodetroit.org\/es\/como-funciona\/\"]}]},{\"@type\":\"ImageObject\",\"inLanguage\":\"es\",\"@id\":\"https:\/\/mogodetroit.org\/es\/como-funciona\/#primaryimage\",\"url\":\"https:\/\/mogodetroit.org\/wp-content\/uploads\/2017\/03\/purchase-300x200.jpg\",\"contentUrl\":\"https:\/\/mogodetroit.org\/wp-content\/uploads\/2017\/03\/purchase-300x200.jpg\"},{\"@type\":\"BreadcrumbList\",\"@id\":\"https:\/\/mogodetroit.org\/es\/como-funciona\/#breadcrumb\",\"itemListElement\":[{\"@type\":\"ListItem\",\"position\":1,\"name\":\"Home\",\"item\":\"https:\/\/mogodetroit.org\/es\/\"},{\"@type\":\"ListItem\",\"position\":2,\"name\":\"C\u00d3MO FUNCIONA\"}]},{\"@type\":\"WebSite\",\"@id\":\"https:\/\/mogodetroit.org\/#website\",\"url\":\"https:\/\/mogodetroit.org\/\",\"name\":\"MoGo\",\"description\":\"Detroit Bike Share\",\"potentialAction\":[{\"@type\":\"SearchAction\",\"target\":{\"@type\":\"EntryPoint\",\"urlTemplate\":\"https:\/\/mogodetroit.org\/?s={search_term_string}\"},\"query-input\":{\"@type\":\"PropertyValueSpecification\",\"valueRequired\":true,\"valueName\":\"search_term_string\"}}],\"inLanguage\":\"es\"}]}<\/script>\n<!-- \/ Yoast SEO plugin. -->","yoast_head_json":{"title":"C\u00d3MO FUNCIONA - MoGo","robots":{"index":"index","follow":"follow","max-snippet":"max-snippet:-1","max-image-preview":"max-image-preview:large","max-video-preview":"max-video-preview:-1"},"canonical":"https:\/\/mogodetroit.org\/es\/como-funciona\/","og_locale":"es_ES","og_type":"article","og_title":"C\u00d3MO FUNCIONA - MoGo","og_description":"Despl\u00e1zate por Detroit en dos ruedas","og_url":"https:\/\/mogodetroit.org\/es\/como-funciona\/","og_site_name":"MoGo","article_modified_time":"2022-06-24T18:02:20+00:00","og_image":[{"url":"https:\/\/mogodetroit.org\/wp-content\/uploads\/2017\/03\/purchase-300x200.jpg","type":"","width":"","height":""}],"twitter_card":"summary_large_image","twitter_misc":{"Tiempo de lectura":"2 minutos"},"schema":{"@context":"https:\/\/schema.org","@graph":[{"@type":"WebPage","@id":"https:\/\/mogodetroit.org\/es\/como-funciona\/","url":"https:\/\/mogodetroit.org\/es\/como-funciona\/","name":"C\u00d3MO FUNCIONA - MoGo","isPartOf":{"@id":"https:\/\/mogodetroit.org\/#website"},"primaryImageOfPage":{"@id":"https:\/\/mogodetroit.org\/es\/como-funciona\/#primaryimage"},"image":{"@id":"https:\/\/mogodetroit.org\/es\/como-funciona\/#primaryimage"},"thumbnailUrl":"https:\/\/mogodetroit.org\/wp-content\/uploads\/2017\/03\/purchase-300x200.jpg","datePublished":"2017-08-14T20:18:36+00:00","dateModified":"2022-06-24T18:02:20+00:00","breadcrumb":{"@id":"https:\/\/mogodetroit.org\/es\/como-funciona\/#breadcrumb"},"inLanguage":"es","potentialAction":[{"@type":"ReadAction","target":["https:\/\/mogodetroit.org\/es\/como-funciona\/"]}]},{"@type":"ImageObject","inLanguage":"es","@id":"https:\/\/mogodetroit.org\/es\/como-funciona\/#primaryimage","url":"https:\/\/mogodetroit.org\/wp-content\/uploads\/2017\/03\/purchase-300x200.jpg","contentUrl":"https:\/\/mogodetroit.org\/wp-content\/uploads\/2017\/03\/purchase-300x200.jpg"},{"@type":"BreadcrumbList","@id":"https:\/\/mogodetroit.org\/es\/como-funciona\/#breadcrumb","itemListElement":[{"@type":"ListItem","position":1,"name":"Home","item":"https:\/\/mogodetroit.org\/es\/"},{"@type":"ListItem","position":2,"name":"C\u00d3MO FUNCIONA"}]},{"@type":"WebSite","@id":"https:\/\/mogodetroit.org\/#website","url":"https:\/\/mogodetroit.org\/","name":"MoGo","description":"Detroit Bike Share","potentialAction":[{"@type":"SearchAction","target":{"@type":"EntryPoint","urlTemplate":"https:\/\/mogodetroit.org\/?s={search_term_string}"},"query-input":{"@type":"PropertyValueSpecification","valueRequired":true,"valueName":"search_term_string"}}],"inLanguage":"es"}]}},"_links":{"self":[{"href":"https:\/\/mogodetroit.org\/es\/wp-json\/wp\/v2\/pages\/1281","targetHints":{"allow":["GET"]}}],"collection":[{"href":"https:\/\/mogodetroit.org\/es\/wp-json\/wp\/v2\/pages"}],"about":[{"href":"https:\/\/mogodetroit.org\/es\/wp-json\/wp\/v2\/types\/page"}],"author":[{"embeddable":true,"href":"https:\/\/mogodetroit.org\/es\/wp-json\/wp\/v2\/users\/1"}],"replies":[{"embeddable":true,"href":"https:\/\/mogodetroit.org\/es\/wp-json\/wp\/v2\/comments?post=1281"}],"version-history":[{"count":9,"href":"https:\/\/mogodetroit.org\/es\/wp-json\/wp\/v2\/pages\/1281\/revisions"}],"predecessor-version":[{"id":10750,"href":"https:\/\/mogodetroit.org\/es\/wp-json\/wp\/v2\/pages\/1281\/revisions\/10750"}],"wp:attachment":[{"href":"https:\/\/mogodetroit.org\/es\/wp-json\/wp\/v2\/media?parent=1281"}],"curies":[{"name":"wp","href":"https:\/\/api.w.org\/{rel}","templated":true}]}}