{"id":1298,"date":"2017-08-15T15:29:24","date_gmt":"2017-08-15T15:29:24","guid":{"rendered":"https:\/\/mogodetroit.org\/?page_id=1298\/"},"modified":"2022-06-24T13:56:34","modified_gmt":"2022-06-24T17:56:34","slug":"precios","status":"publish","type":"page","link":"https:\/\/mogodetroit.org\/es\/precios\/","title":{"rendered":"PRECIOS"},"content":{"rendered":"\n\t    <div class=\"col-xs-12 col-sm-12 col-md-12 col-lg-12 bgthubpad alignCenter\">\n      <h1 class='marginBtm20'>PRECIOS<\/h1>\n      <div><p>Opciones de pases para todos<\/p>\n<\/div>\n    <\/div>\n\n\tPase Pagar por Usar\n\t<p><strong>$1 para desbloquear, $0.25\/min<\/strong><\/p>\n\tPerfecto para viajes cortos, sobre la marcha o de un solo uso.\n\t<p>Pagar por Usar le permite pagar s\u00f3lo por los minutos que utiliza. Pague $1 para desbloquear una bicicleta, m\u00e1s $0,25 por cada minuto de uso hasta que la bicicleta haya sido anclada en cualquier estaci\u00f3n MoGo. Los pases Pagar por Usar deben comprarse con una tarjeta de d\u00e9bito o de cr\u00e9dito en cualquier quiosco con pantalla t\u00e1ctil o en su smartphone utilizando <a href=\"https:\/\/mogodetroit.org\/es\/obtenga-la-aplicacion\/\">Transit<\/a>.<\/p>\n\t\t\t\t<img loading=\"lazy\" decoding=\"async\" src=\"https:\/\/mogodetroit.org\/wp-content\/uploads\/2022\/04\/MoGo_Southwest_JMW_51-min-scaled.jpg\" alt=\"MoGo_Southwest_JMW_51-min\" itemprop=\"image\" height=\"1707\" width=\"2560\" title=\"MoGo_Southwest_JMW_51-min\" onerror=\"this.style.display='none'\"  \/>\n\tPase de 1 hora\n\t$10\n\tIdeal para paseos largos, ejercicio y recreaci\u00f3n.\n\t<p>El <strong>pase de 1 hora<\/strong> ofrece un \u00fanico viaje de hasta 60 minutos de duraci\u00f3n. Los minutos no utilizados caducar\u00e1n una vez que se devuelva la bicicleta y se asegure en cualquier estaci\u00f3n. Con el pase de una hora, los usuarios pueden sacar hasta cuatro bicicletas a la vez. Para los viajes que se extienden m\u00e1s all\u00e1 de los 60 minutos, los usuarios pagan $0,25 por cada minuto adicional hasta que la bicicleta est\u00e9 bien asegurada en cualquier estaci\u00f3n MoGo. Los pases de 1 hora deben comprarse con una tarjeta de d\u00e9bito o de cr\u00e9dito en su smartphone utilizando <a href=\"https:\/\/mogodetroit.org\/get-the-apps\/\">Transit<\/a>.<\/p>\n\t\t\t\t<img loading=\"lazy\" decoding=\"async\" src=\"https:\/\/mogodetroit.org\/wp-content\/uploads\/2022\/04\/MoGo_West-Village_JMW_115-min-scaled.jpg\" alt=\"MoGo_West Village_JMW_115-min\" itemprop=\"image\" height=\"1707\" width=\"2560\" title=\"MoGo_West Village_JMW_115-min\" onerror=\"this.style.display='none'\"  \/>\n\tExplore la ciudad\n\t$15\n\tIdeal para visitantes de otras ciudades, conferencias o aquellos que buscan un acceso a corto plazo.\n\t<p>El <strong>pase Explore la ciudad<\/strong> ofrece una cantidad ilimitada de viajes de hasta 60 minutos de duraci\u00f3n y est\u00e1 disponible durante tres (3) d\u00edas. Los usuarios pueden hacer tantos viajes como deseen durante el per\u00edodo de tres d\u00edas, pero la bicicleta debe ser devuelta a una estaci\u00f3n despu\u00e9s de cada viaje. Los usuarios <em>no pueden<\/em> conservar la bicicleta durante tres d\u00edas. Para los viajes que se extiendan m\u00e1s all\u00e1 de 60 minutos, los usuarios pagan $0,25 por cada minuto adicional hasta que la bicicleta est\u00e9 bien asegurada en cualquier estaci\u00f3n MoGo. El pase Explore la ciudad debe comprarse con una tarjeta de d\u00e9bito o de cr\u00e9dito en su smartphone utilizando <a href=\"https:\/\/mogodetroit.org\/get-the-apps\/\">Transit<\/a>.<\/p>\n\t\t\t\t<img loading=\"lazy\" decoding=\"async\" src=\"https:\/\/mogodetroit.org\/wp-content\/uploads\/2022\/03\/2.png\" alt=\"2\" itemprop=\"image\" height=\"900\" width=\"1800\" title=\"2\" onerror=\"this.style.display='none'\"  \/>\n\tPase Prepago\n\t$18\n\tIdeal para hacer ejercicio, viajes recreativos y visitas tur\u00edsticas.\n\t<p>El Pase Prepago incluye 2 horas de viaje que pueden dividirse en varios viajes o utilizarse de una sola vez. Los minutos no utilizados no caducan. Para los viajes que se extienden m\u00e1s all\u00e1 del tiempo de viaje prepagado de dos horas, los usuarios pagan $0,25 por cada minuto adicional hasta que la bicicleta est\u00e9 bien anclada en cualquier estaci\u00f3n MoGo. Los Pases prepagos deben comprarse con una tarjeta de d\u00e9bito o de cr\u00e9dito en cualquier quiosco con pantalla t\u00e1ctil o en su smartphone utilizando <a href=\"https:\/\/mogodetroit.org\/es\/obtenga-la-aplicacion\/\">Transit<\/a>.<\/p>\n\t\t\t\t<img loading=\"lazy\" decoding=\"async\" src=\"https:\/\/mogodetroit.org\/wp-content\/uploads\/2022\/01\/Sliders-1-1.png\" alt=\"Sliders (1)\" itemprop=\"image\" height=\"900\" width=\"1800\" title=\"Sliders (1)\" onerror=\"this.style.display='none'\"  \/>\n\tPase Mensual\n\t$20\n\tDise\u00f1ado para movilidad a corto plazo\n\t<p>El Pase Mensual brinda un n\u00famero ilimitado de viajes de 60 minutos durante 30 d\u00edas. Para los viajes que se extienden m\u00e1s all\u00e1 de los 60 minutos, los usuarios pagan $0,25 por cada minuto adicional hasta que la bicicleta est\u00e9 bien anclada en cualquier estaci\u00f3n MoGo. Los pases mensuales pueden comprarse con tarjeta de cr\u00e9dito o d\u00e9bito en el sitio web, en su smartphone utilizando <a href=\"https:\/\/mogodetroit.org\/es\/obtenga-la-aplicacion\/\">Transit<\/a>, o con dinero en efectivo.<\/p>\n\t\t\t<a href=\"https:\/\/mogodetroit.org\/members\/register?lang=es\" target=\"_self\" role=\"button\" rel=\"noopener noreferrer\">\n\t\t\t\t\t\t\tObtener un pase\n\t\t\t\t\t<\/a>\n\t\t\t\t<img loading=\"lazy\" decoding=\"async\" src=\"https:\/\/mogodetroit.org\/wp-content\/uploads\/2021\/08\/MoGo_Southwest_JMW_14-scaled.jpg\" alt=\"MoGo_Southwest_JMW_14\" itemprop=\"image\" height=\"1707\" width=\"2560\" title=\"MoGo_Southwest_JMW_14\" onerror=\"this.style.display='none'\"  \/>\n\tPase Anual\n\t$90\n\tLa mejor opci\u00f3n para los que viven en Detroit\n\t<p>El Pase Anual brinda un n\u00famero ilimitado de viajes de 60 minutos durante un a\u00f1o. Para los viajes que se extienden m\u00e1s all\u00e1 de los 60 minutos, los usuarios pagan $0,25 por cada minuto adicional hasta que la bicicleta quede bien anclada en cualquier estaci\u00f3n MoGo. Haga <a href=\"https:\/\/mogodetroit.org\/es\/descuento-para-adultos-mayores\/\">clic aqu\u00ed<\/a> para ver la opci\u00f3n de pase para personas de 65 a\u00f1os o m\u00e1s. Los pases anuales pueden comprarse con tarjeta de cr\u00e9dito o d\u00e9bito en el sitio web, en su smartphone usando <a href=\"https:\/\/mogodetroit.org\/es\/obtenga-la-aplicacion\/\">Transit<\/a>, o con dinero en efectivo.<\/p>\n\t\t\t<a href=\"https:\/\/mogodetroit.org\/members\/register?lang=es\" target=\"_self\" role=\"button\" rel=\"noopener noreferrer\">\n\t\t\t\t\t\t\tObtener un pase\n\t\t\t\t\t<\/a>\n\t\t\t\t<img loading=\"lazy\" decoding=\"async\" src=\"https:\/\/mogodetroit.org\/wp-content\/uploads\/2021\/07\/Screen-Shot-2021-07-18-at-4.21.57-PM.png\" alt=\"Screen Shot 2021-07-18 at 4.21.57 PM\" itemprop=\"image\" height=\"1150\" width=\"650\" title=\"Screen Shot 2021-07-18 at 4.21.57 PM\" onerror=\"this.style.display='none'\"  \/>\n\tPase de Acceso\n\t$5\n\tPara individuos calificados\n\t<p>El Pase de Acceso es un pase anual de $5 para los miembros registrados de los siguientes programas de subsidios estatales: Asistencia Alimentaria, Asistencia en Efectivo\/Independencia Familiar, Medicaid, Plan de Salud de Michigan, Servicios Especiales de Salud para Ni\u00f1os y Asistencia para el Cuidado de Ni\u00f1os.<\/p>\n<p>&nbsp;<\/p>\n<p>El Pase de Acceso brinda un n\u00famero ilimitado de viajes de 60 minutos durante un a\u00f1o. Para los viajes que se extienden m\u00e1s all\u00e1 de los 60 minutos, los usuarios pagan $0,25 por cada minuto adicional hasta que la bicicleta quede bien anclada en cualquier estaci\u00f3n MoGo. Para inscribirse en un Pase de Acceso, introduzca los 9 d\u00edgitos de su n\u00famero de caso del subsidio emitido por el estado en la p\u00e1gina de inscripci\u00f3n del usuario. El n\u00famero de caso se encuentra en la esquina superior derecha de cualquier carta que reciba sobre sus subsidios. Tambi\u00e9n se puede encontrar en su cuenta de MI Bridges.<\/p>\n<p>&nbsp;<\/p>\n<p>El Pase de Acceso puede comprarse con tarjeta de cr\u00e9dito o d\u00e9bito en el sitio web, en su smartphone utilizando <a href=\"https:\/\/mogodetroit.org\/es\/obtenga-la-aplicacion\/\">Transit<\/a>, o en efectivo.<\/p>\n\t\t\t<a href=\"https:\/\/mogodetroit.org\/members\/register?lang=es\" target=\"_self\" role=\"button\" rel=\"noopener noreferrer\">\n\t\t\t\t\t\t\tObtener un pase\n\t\t\t\t\t<\/a>\n\t\t\t\t<img loading=\"lazy\" decoding=\"async\" src=\"https:\/\/mogodetroit.org\/wp-content\/uploads\/2021\/07\/July-SM-TW.png\" alt=\"July SM - TW\" itemprop=\"image\" height=\"335\" width=\"600\" title=\"July SM - TW\" onerror=\"this.style.display='none'\"  \/>\n\t\t\t\t<img loading=\"lazy\" decoding=\"async\" src=\"https:\/\/mogodetroit.org\/wp-content\/uploads\/2021\/09\/Blog-and-TOTAGO-Covers.png\" alt=\"Blog and TOTAGO Covers\" itemprop=\"image\" height=\"298\" width=\"498\" title=\"Blog and TOTAGO Covers\" onerror=\"this.style.display='none'\"  \/>\n\t<h1>MoGo adaptado<\/h1>\n\tPase Adaptado de un solo viaje\n\t$12\n\tIdeal para las personas que no pueden andar en bicicletas de dos ruedas y los usuarios de bicicletas adaptadas de una sola vez.\n\t<p>El Pase Adaptado de un solo viaje le da acceso a cualquiera de nuestras 13 bicicletas adaptadas para un solo viaje de dos horas. Para viajes de m\u00e1s de dos horas, los usuarios pagan $8 por cada periodo adicional de una hora.<\/p>\n\t\t\t<a href=\"https:\/\/mogodetroit.org\/adaptive-reservations\" target=\"_blank\" role=\"button\" rel=\"noopener noreferrer\">\n\t\t\t\t\t\t\tReservar un viaje\n\t\t\t\t\t<\/a>\n\t\t\t\t<img loading=\"lazy\" decoding=\"async\" src=\"https:\/\/mogodetroit.org\/wp-content\/uploads\/2018\/12\/DSC03594.jpg\" alt=\"Adaptive MoGo\" itemprop=\"image\" height=\"748\" width=\"1025\" title=\"DSC03594\" onerror=\"this.style.display='none'\"  \/>\n\tPase Adaptado de temporada\n\t$30\n\tLa mejor oferta para los habitantes de Detroit que quieran viajar en bicicletas adaptadas.\n\t<p>El Pase Adaptado de temporada ofrece viajes ilimitados para todas las bicicletas adaptadas de mayo a octubre. Para los viajes de m\u00e1s de dos horas, los usuarios pagan $8 por cada per\u00edodo adicional de una hora. Todos los viajes deben reservarse con antelaci\u00f3n.<\/p>\n<p>&nbsp;<\/p>\n<p>Disponible el pago en efectivo.<\/p>\n\t\t\t<a href=\"https:\/\/mogodetroit.org\/members\/register?lang=es\" target=\"_self\" role=\"button\" rel=\"noopener noreferrer\">\n\t\t\t\t\t\t\tObtener un pase\n\t\t\t\t\t<\/a>\n\t\t\t\t<img loading=\"lazy\" decoding=\"async\" src=\"https:\/\/mogodetroit.org\/wp-content\/uploads\/2019\/06\/adaptive-event-2.jpg\" alt=\"adaptive event-2\" itemprop=\"image\" height=\"1281\" width=\"1920\" title=\"adaptive event-2\" onerror=\"this.style.display='none'\"  \/>\n","protected":false},"excerpt":{"rendered":"<p>Opciones de pases para todos<\/p>\n","protected":false},"author":1,"featured_media":0,"parent":0,"menu_order":0,"comment_status":"closed","ping_status":"closed","template":"","meta":{"_acf_changed":false,"footnotes":""},"class_list":["post-1298","page","type-page","status-publish","hentry"],"acf":[],"yoast_head":"<!-- This site is optimized with the Yoast SEO plugin v25.2 - https:\/\/yoast.com\/wordpress\/plugins\/seo\/ -->\n<title>PRECIOS - MoGo<\/title>\n<meta name=\"robots\" content=\"index, follow, max-snippet:-1, max-image-preview:large, max-video-preview:-1\" \/>\n<link rel=\"canonical\" href=\"https:\/\/mogodetroit.org\/es\/precios\/\" \/>\n<meta property=\"og:locale\" content=\"es_ES\" \/>\n<meta property=\"og:type\" content=\"article\" \/>\n<meta property=\"og:title\" content=\"PRECIOS - MoGo\" \/>\n<meta property=\"og:description\" content=\"Opciones de pases para todos\" \/>\n<meta property=\"og:url\" content=\"https:\/\/mogodetroit.org\/es\/precios\/\" \/>\n<meta property=\"og:site_name\" content=\"MoGo\" \/>\n<meta property=\"article:modified_time\" content=\"2022-06-24T17:56:34+00:00\" \/>\n<meta property=\"og:image\" content=\"https:\/\/mogodetroit.org\/wp-content\/uploads\/2022\/04\/MoGo_Southwest_JMW_51-min-scaled.jpg\" \/>\n<meta name=\"twitter:card\" content=\"summary_large_image\" \/>\n<meta name=\"twitter:label1\" content=\"Tiempo de lectura\" \/>\n\t<meta name=\"twitter:data1\" content=\"5 minutos\" \/>\n<script type=\"application\/ld+json\" class=\"yoast-schema-graph\">{\"@context\":\"https:\/\/schema.org\",\"@graph\":[{\"@type\":\"WebPage\",\"@id\":\"https:\/\/mogodetroit.org\/es\/precios\/\",\"url\":\"https:\/\/mogodetroit.org\/es\/precios\/\",\"name\":\"PRECIOS - MoGo\",\"isPartOf\":{\"@id\":\"https:\/\/mogodetroit.org\/#website\"},\"primaryImageOfPage\":{\"@id\":\"https:\/\/mogodetroit.org\/es\/precios\/#primaryimage\"},\"image\":{\"@id\":\"https:\/\/mogodetroit.org\/es\/precios\/#primaryimage\"},\"thumbnailUrl\":\"https:\/\/mogodetroit.org\/wp-content\/uploads\/2022\/04\/MoGo_Southwest_JMW_51-min-scaled.jpg\",\"datePublished\":\"2017-08-15T15:29:24+00:00\",\"dateModified\":\"2022-06-24T17:56:34+00:00\",\"breadcrumb\":{\"@id\":\"https:\/\/mogodetroit.org\/es\/precios\/#breadcrumb\"},\"inLanguage\":\"es\",\"potentialAction\":[{\"@type\":\"ReadAction\",\"target\":[\"https:\/\/mogodetroit.org\/es\/precios\/\"]}]},{\"@type\":\"ImageObject\",\"inLanguage\":\"es\",\"@id\":\"https:\/\/mogodetroit.org\/es\/precios\/#primaryimage\",\"url\":\"https:\/\/mogodetroit.org\/wp-content\/uploads\/2022\/04\/MoGo_Southwest_JMW_51-min-scaled.jpg\",\"contentUrl\":\"https:\/\/mogodetroit.org\/wp-content\/uploads\/2022\/04\/MoGo_Southwest_JMW_51-min-scaled.jpg\"},{\"@type\":\"BreadcrumbList\",\"@id\":\"https:\/\/mogodetroit.org\/es\/precios\/#breadcrumb\",\"itemListElement\":[{\"@type\":\"ListItem\",\"position\":1,\"name\":\"Home\",\"item\":\"https:\/\/mogodetroit.org\/es\/\"},{\"@type\":\"ListItem\",\"position\":2,\"name\":\"PRECIOS\"}]},{\"@type\":\"WebSite\",\"@id\":\"https:\/\/mogodetroit.org\/#website\",\"url\":\"https:\/\/mogodetroit.org\/\",\"name\":\"MoGo\",\"description\":\"Detroit Bike Share\",\"potentialAction\":[{\"@type\":\"SearchAction\",\"target\":{\"@type\":\"EntryPoint\",\"urlTemplate\":\"https:\/\/mogodetroit.org\/?s={search_term_string}\"},\"query-input\":{\"@type\":\"PropertyValueSpecification\",\"valueRequired\":true,\"valueName\":\"search_term_string\"}}],\"inLanguage\":\"es\"}]}<\/script>\n<!-- \/ Yoast SEO plugin. -->","yoast_head_json":{"title":"PRECIOS - MoGo","robots":{"index":"index","follow":"follow","max-snippet":"max-snippet:-1","max-image-preview":"max-image-preview:large","max-video-preview":"max-video-preview:-1"},"canonical":"https:\/\/mogodetroit.org\/es\/precios\/","og_locale":"es_ES","og_type":"article","og_title":"PRECIOS - MoGo","og_description":"Opciones de pases para todos","og_url":"https:\/\/mogodetroit.org\/es\/precios\/","og_site_name":"MoGo","article_modified_time":"2022-06-24T17:56:34+00:00","og_image":[{"url":"https:\/\/mogodetroit.org\/wp-content\/uploads\/2022\/04\/MoGo_Southwest_JMW_51-min-scaled.jpg","type":"","width":"","height":""}],"twitter_card":"summary_large_image","twitter_misc":{"Tiempo de lectura":"5 minutos"},"schema":{"@context":"https:\/\/schema.org","@graph":[{"@type":"WebPage","@id":"https:\/\/mogodetroit.org\/es\/precios\/","url":"https:\/\/mogodetroit.org\/es\/precios\/","name":"PRECIOS - MoGo","isPartOf":{"@id":"https:\/\/mogodetroit.org\/#website"},"primaryImageOfPage":{"@id":"https:\/\/mogodetroit.org\/es\/precios\/#primaryimage"},"image":{"@id":"https:\/\/mogodetroit.org\/es\/precios\/#primaryimage"},"thumbnailUrl":"https:\/\/mogodetroit.org\/wp-content\/uploads\/2022\/04\/MoGo_Southwest_JMW_51-min-scaled.jpg","datePublished":"2017-08-15T15:29:24+00:00","dateModified":"2022-06-24T17:56:34+00:00","breadcrumb":{"@id":"https:\/\/mogodetroit.org\/es\/precios\/#breadcrumb"},"inLanguage":"es","potentialAction":[{"@type":"ReadAction","target":["https:\/\/mogodetroit.org\/es\/precios\/"]}]},{"@type":"ImageObject","inLanguage":"es","@id":"https:\/\/mogodetroit.org\/es\/precios\/#primaryimage","url":"https:\/\/mogodetroit.org\/wp-content\/uploads\/2022\/04\/MoGo_Southwest_JMW_51-min-scaled.jpg","contentUrl":"https:\/\/mogodetroit.org\/wp-content\/uploads\/2022\/04\/MoGo_Southwest_JMW_51-min-scaled.jpg"},{"@type":"BreadcrumbList","@id":"https:\/\/mogodetroit.org\/es\/precios\/#breadcrumb","itemListElement":[{"@type":"ListItem","position":1,"name":"Home","item":"https:\/\/mogodetroit.org\/es\/"},{"@type":"ListItem","position":2,"name":"PRECIOS"}]},{"@type":"WebSite","@id":"https:\/\/mogodetroit.org\/#website","url":"https:\/\/mogodetroit.org\/","name":"MoGo","description":"Detroit Bike Share","potentialAction":[{"@type":"SearchAction","target":{"@type":"EntryPoint","urlTemplate":"https:\/\/mogodetroit.org\/?s={search_term_string}"},"query-input":{"@type":"PropertyValueSpecification","valueRequired":true,"valueName":"search_term_string"}}],"inLanguage":"es"}]}},"_links":{"self":[{"href":"https:\/\/mogodetroit.org\/es\/wp-json\/wp\/v2\/pages\/1298","targetHints":{"allow":["GET"]}}],"collection":[{"href":"https:\/\/mogodetroit.org\/es\/wp-json\/wp\/v2\/pages"}],"about":[{"href":"https:\/\/mogodetroit.org\/es\/wp-json\/wp\/v2\/types\/page"}],"author":[{"embeddable":true,"href":"https:\/\/mogodetroit.org\/es\/wp-json\/wp\/v2\/users\/1"}],"replies":[{"embeddable":true,"href":"https:\/\/mogodetroit.org\/es\/wp-json\/wp\/v2\/comments?post=1298"}],"version-history":[{"count":18,"href":"https:\/\/mogodetroit.org\/es\/wp-json\/wp\/v2\/pages\/1298\/revisions"}],"predecessor-version":[{"id":10746,"href":"https:\/\/mogodetroit.org\/es\/wp-json\/wp\/v2\/pages\/1298\/revisions\/10746"}],"wp:attachment":[{"href":"https:\/\/mogodetroit.org\/es\/wp-json\/wp\/v2\/media?parent=1298"}],"curies":[{"name":"wp","href":"https:\/\/api.w.org\/{rel}","templated":true}]}}