{"id":1311,"date":"2017-08-15T17:38:46","date_gmt":"2017-08-15T17:38:46","guid":{"rendered":"https:\/\/mogodetroit.org\/?page_id=1311\/"},"modified":"2021-04-08T14:22:56","modified_gmt":"2021-04-08T18:22:56","slug":"obtenga-la-aplicacion","status":"publish","type":"page","link":"https:\/\/mogodetroit.org\/es\/obtenga-la-aplicacion\/","title":{"rendered":"OBTENGA <span>LA APLICACI\u00d3N<\/span>"},"content":{"rendered":"\n\t    <div class=\"col-xs-12 col-sm-12 col-md-12 col-lg-12 bgthubpad alignCenter\">\n      <h1 class='marginBtm20'>OBTENGA <span>LA APLICACI\u00d3N<\/span><\/h1>\n      <div><p>Obtenga acceso a MoGo tocando una pantalla<\/p>\n<\/div>\n    <\/div>\n\n\t<p>\u00a1Descargue la aplicaci\u00f3n Transit para encontrar la estaci\u00f3n MoGo m\u00e1s cercana, planificar un viaje, comprar un pase y desbloquear una bicicleta!<\/p>\n\t\t\t<a href=\"https:\/\/transitapp.com\/download?utm_source=MoGo-mi-website&#038;utm_medium=referral&#038;utm_campaign=partners\" target=\"_blank\" role=\"button\" rel=\"noopener noreferrer\">\n\t\t\t\t\t\t\tDescargar Transit\n\t\t\t\t\t<\/a>\n\t\t\t\t<img loading=\"lazy\" decoding=\"async\" src=\"https:\/\/mogodetroit.org\/wp-content\/uploads\/2020\/07\/Untitled-design-1-1.png\" alt=\"Untitled design (1)\" itemprop=\"image\" height=\"1080\" width=\"1080\" title=\"Untitled design (1)\" onerror=\"this.style.display='none'\"  \/>\n\t<h2>Transit App<\/h2>\n<ul>\n<li>\u00a1Con Transit, vea el n\u00famero de bicicletas y los aparcamientos disponibles en cualquier estaci\u00f3n en tiempo real!<\/li>\n<\/ul>\n<p>&nbsp;<\/p>\n<ul>\n<li>\u00a1Puede utilizar Transit para comprar TODOS los pases MoGo sobre la marcha!<\/li>\n<\/ul>\n<p>&nbsp;<\/p>\n<ul>\n<li>\u00bfEs usted socio y no tiene su llavero o tarjeta MoGo? Utilice Transit para acceder a su cuenta MoGo, obtener un c\u00f3digo de viaje y sacar una bicicleta.<\/li>\n<\/ul>\n<p>&nbsp;<\/p>\n<ul>\n<li>Utilice Transit para desbloquear bicicletas en una estaci\u00f3n lite despu\u00e9s de haber comprado un pase en un quiosco con pantalla t\u00e1ctil. Acceda a su cuenta con su tarjeta de cr\u00e9dito para desbloquear otra bicicleta.<\/li>\n<\/ul>\n<p>&nbsp;<\/p>\n<ul>\n<li>Planifique f\u00e1cilmente sus viajes de MoGo con DDOT, SMART, People Mover, QLine y viajes compartidos.<\/li>\n<\/ul>\n\t<iframe loading=\"lazy\" width=\"560\" height=\"315\" src=\"https:\/\/www.youtube.com\/embed\/KoUaJWAYDGM\" frameborder=\"0\" allow=\"accelerometer; autoplay; encrypted-media; gyroscope; picture-in-picture\" allowfullscreen><\/iframe>\n","protected":false},"excerpt":{"rendered":"<p>Obtenga acceso a MoGo tocando una pantalla<\/p>\n","protected":false},"author":1,"featured_media":0,"parent":0,"menu_order":0,"comment_status":"closed","ping_status":"closed","template":"","meta":{"_acf_changed":false,"footnotes":""},"class_list":["post-1311","page","type-page","status-publish","hentry"],"acf":[],"yoast_head":"<!-- This site is optimized with the Yoast SEO plugin v25.2 - https:\/\/yoast.com\/wordpress\/plugins\/seo\/ -->\n<title>OBTENGA LA APLICACI\u00d3N - MoGo<\/title>\n<meta name=\"robots\" content=\"index, follow, max-snippet:-1, max-image-preview:large, max-video-preview:-1\" \/>\n<link rel=\"canonical\" href=\"https:\/\/mogodetroit.org\/es\/obtenga-la-aplicacion\/\" \/>\n<meta property=\"og:locale\" content=\"es_ES\" \/>\n<meta property=\"og:type\" content=\"article\" \/>\n<meta property=\"og:title\" content=\"OBTENGA LA APLICACI\u00d3N - MoGo\" \/>\n<meta property=\"og:description\" content=\"Obtenga acceso a MoGo tocando una pantalla\" \/>\n<meta property=\"og:url\" content=\"https:\/\/mogodetroit.org\/es\/obtenga-la-aplicacion\/\" \/>\n<meta property=\"og:site_name\" content=\"MoGo\" \/>\n<meta property=\"article:modified_time\" content=\"2021-04-08T18:22:56+00:00\" \/>\n<meta property=\"og:image\" content=\"https:\/\/mogodetroit.org\/wp-content\/uploads\/2020\/07\/Untitled-design-1-1.png\" \/>\n<meta name=\"twitter:card\" content=\"summary_large_image\" \/>\n<meta name=\"twitter:label1\" content=\"Tiempo de lectura\" \/>\n\t<meta name=\"twitter:data1\" content=\"1 minuto\" \/>\n<script type=\"application\/ld+json\" class=\"yoast-schema-graph\">{\"@context\":\"https:\/\/schema.org\",\"@graph\":[{\"@type\":\"WebPage\",\"@id\":\"https:\/\/mogodetroit.org\/es\/obtenga-la-aplicacion\/\",\"url\":\"https:\/\/mogodetroit.org\/es\/obtenga-la-aplicacion\/\",\"name\":\"OBTENGA LA APLICACI\u00d3N - MoGo\",\"isPartOf\":{\"@id\":\"https:\/\/mogodetroit.org\/#website\"},\"primaryImageOfPage\":{\"@id\":\"https:\/\/mogodetroit.org\/es\/obtenga-la-aplicacion\/#primaryimage\"},\"image\":{\"@id\":\"https:\/\/mogodetroit.org\/es\/obtenga-la-aplicacion\/#primaryimage\"},\"thumbnailUrl\":\"https:\/\/mogodetroit.org\/wp-content\/uploads\/2020\/07\/Untitled-design-1-1.png\",\"datePublished\":\"2017-08-15T17:38:46+00:00\",\"dateModified\":\"2021-04-08T18:22:56+00:00\",\"breadcrumb\":{\"@id\":\"https:\/\/mogodetroit.org\/es\/obtenga-la-aplicacion\/#breadcrumb\"},\"inLanguage\":\"es\",\"potentialAction\":[{\"@type\":\"ReadAction\",\"target\":[\"https:\/\/mogodetroit.org\/es\/obtenga-la-aplicacion\/\"]}]},{\"@type\":\"ImageObject\",\"inLanguage\":\"es\",\"@id\":\"https:\/\/mogodetroit.org\/es\/obtenga-la-aplicacion\/#primaryimage\",\"url\":\"https:\/\/mogodetroit.org\/wp-content\/uploads\/2020\/07\/Untitled-design-1-1.png\",\"contentUrl\":\"https:\/\/mogodetroit.org\/wp-content\/uploads\/2020\/07\/Untitled-design-1-1.png\"},{\"@type\":\"BreadcrumbList\",\"@id\":\"https:\/\/mogodetroit.org\/es\/obtenga-la-aplicacion\/#breadcrumb\",\"itemListElement\":[{\"@type\":\"ListItem\",\"position\":1,\"name\":\"Home\",\"item\":\"https:\/\/mogodetroit.org\/es\/\"},{\"@type\":\"ListItem\",\"position\":2,\"name\":\"OBTENGA LA APLICACI\u00d3N\"}]},{\"@type\":\"WebSite\",\"@id\":\"https:\/\/mogodetroit.org\/#website\",\"url\":\"https:\/\/mogodetroit.org\/\",\"name\":\"MoGo\",\"description\":\"Detroit Bike Share\",\"potentialAction\":[{\"@type\":\"SearchAction\",\"target\":{\"@type\":\"EntryPoint\",\"urlTemplate\":\"https:\/\/mogodetroit.org\/?s={search_term_string}\"},\"query-input\":{\"@type\":\"PropertyValueSpecification\",\"valueRequired\":true,\"valueName\":\"search_term_string\"}}],\"inLanguage\":\"es\"}]}<\/script>\n<!-- \/ Yoast SEO plugin. -->","yoast_head_json":{"title":"OBTENGA LA APLICACI\u00d3N - MoGo","robots":{"index":"index","follow":"follow","max-snippet":"max-snippet:-1","max-image-preview":"max-image-preview:large","max-video-preview":"max-video-preview:-1"},"canonical":"https:\/\/mogodetroit.org\/es\/obtenga-la-aplicacion\/","og_locale":"es_ES","og_type":"article","og_title":"OBTENGA LA APLICACI\u00d3N - MoGo","og_description":"Obtenga acceso a MoGo tocando una pantalla","og_url":"https:\/\/mogodetroit.org\/es\/obtenga-la-aplicacion\/","og_site_name":"MoGo","article_modified_time":"2021-04-08T18:22:56+00:00","og_image":[{"url":"https:\/\/mogodetroit.org\/wp-content\/uploads\/2020\/07\/Untitled-design-1-1.png","type":"","width":"","height":""}],"twitter_card":"summary_large_image","twitter_misc":{"Tiempo de lectura":"1 minuto"},"schema":{"@context":"https:\/\/schema.org","@graph":[{"@type":"WebPage","@id":"https:\/\/mogodetroit.org\/es\/obtenga-la-aplicacion\/","url":"https:\/\/mogodetroit.org\/es\/obtenga-la-aplicacion\/","name":"OBTENGA LA APLICACI\u00d3N - MoGo","isPartOf":{"@id":"https:\/\/mogodetroit.org\/#website"},"primaryImageOfPage":{"@id":"https:\/\/mogodetroit.org\/es\/obtenga-la-aplicacion\/#primaryimage"},"image":{"@id":"https:\/\/mogodetroit.org\/es\/obtenga-la-aplicacion\/#primaryimage"},"thumbnailUrl":"https:\/\/mogodetroit.org\/wp-content\/uploads\/2020\/07\/Untitled-design-1-1.png","datePublished":"2017-08-15T17:38:46+00:00","dateModified":"2021-04-08T18:22:56+00:00","breadcrumb":{"@id":"https:\/\/mogodetroit.org\/es\/obtenga-la-aplicacion\/#breadcrumb"},"inLanguage":"es","potentialAction":[{"@type":"ReadAction","target":["https:\/\/mogodetroit.org\/es\/obtenga-la-aplicacion\/"]}]},{"@type":"ImageObject","inLanguage":"es","@id":"https:\/\/mogodetroit.org\/es\/obtenga-la-aplicacion\/#primaryimage","url":"https:\/\/mogodetroit.org\/wp-content\/uploads\/2020\/07\/Untitled-design-1-1.png","contentUrl":"https:\/\/mogodetroit.org\/wp-content\/uploads\/2020\/07\/Untitled-design-1-1.png"},{"@type":"BreadcrumbList","@id":"https:\/\/mogodetroit.org\/es\/obtenga-la-aplicacion\/#breadcrumb","itemListElement":[{"@type":"ListItem","position":1,"name":"Home","item":"https:\/\/mogodetroit.org\/es\/"},{"@type":"ListItem","position":2,"name":"OBTENGA LA APLICACI\u00d3N"}]},{"@type":"WebSite","@id":"https:\/\/mogodetroit.org\/#website","url":"https:\/\/mogodetroit.org\/","name":"MoGo","description":"Detroit Bike Share","potentialAction":[{"@type":"SearchAction","target":{"@type":"EntryPoint","urlTemplate":"https:\/\/mogodetroit.org\/?s={search_term_string}"},"query-input":{"@type":"PropertyValueSpecification","valueRequired":true,"valueName":"search_term_string"}}],"inLanguage":"es"}]}},"_links":{"self":[{"href":"https:\/\/mogodetroit.org\/es\/wp-json\/wp\/v2\/pages\/1311","targetHints":{"allow":["GET"]}}],"collection":[{"href":"https:\/\/mogodetroit.org\/es\/wp-json\/wp\/v2\/pages"}],"about":[{"href":"https:\/\/mogodetroit.org\/es\/wp-json\/wp\/v2\/types\/page"}],"author":[{"embeddable":true,"href":"https:\/\/mogodetroit.org\/es\/wp-json\/wp\/v2\/users\/1"}],"replies":[{"embeddable":true,"href":"https:\/\/mogodetroit.org\/es\/wp-json\/wp\/v2\/comments?post=1311"}],"version-history":[{"count":6,"href":"https:\/\/mogodetroit.org\/es\/wp-json\/wp\/v2\/pages\/1311\/revisions"}],"predecessor-version":[{"id":8312,"href":"https:\/\/mogodetroit.org\/es\/wp-json\/wp\/v2\/pages\/1311\/revisions\/8312"}],"wp:attachment":[{"href":"https:\/\/mogodetroit.org\/es\/wp-json\/wp\/v2\/media?parent=1311"}],"curies":[{"name":"wp","href":"https:\/\/api.w.org\/{rel}","templated":true}]}}