{"id":1374,"date":"2017-08-16T16:46:44","date_gmt":"2017-08-16T16:46:44","guid":{"rendered":"https:\/\/mogodetroit.org\/?page_id=1374\/"},"modified":"2017-08-16T17:00:18","modified_gmt":"2017-08-16T17:00:18","slug":"politica-de-privacidad","status":"publish","type":"page","link":"https:\/\/mogodetroit.org\/es\/politica-de-privacidad\/","title":{"rendered":"POL\u00cdTICA DE PRIVACIDAD"},"content":{"rendered":"<p>\tPOL\u00cdTICA DE PRIVACIDAD<\/p>\n<p>Fecha de vigencia: 1\u00ba de abril de 2017<\/p>\n<p>&nbsp;<\/p>\n<p>MoGo, Detroit Bike Share (MoGo) est\u00e1 comprometido en conservar su privacidad y confianza.  Por lo tanto, mantenemos la siguiente pol\u00edtica de privacidad para ayudarle a comprender como recopilamos, usamos, compartimos y protegemos la informaci\u00f3n personal que nos proporciona a trav\u00e9s del www.MoGoDetroit.org (el \u201c<strong>Sitio<\/strong>\u201d) y en nuestros quioscos de bicicletas compartidas, estaciones de estacionamiento, centro de servicio al cliente y nuestra aplicaci\u00f3n m\u00f3vil autorizada (denominados de forma colectiva, los \u201c<strong>Servicios<\/strong>\u201d).<\/p>\n<p>&nbsp;<\/p>\n<p><strong>Informaci\u00f3n que puede recopilar MoGo<\/strong><\/p>\n<p>&nbsp;<\/p>\n<p>Usted puede navegar por nuestro sitio sin inscribirse para obtener un Pase mensual, anual, de acceso o diario (denominados de forma colectiva \u201cPases\u201d).  Sin embargo, si se inscribe para un Pase, MoGo puede recolectar los siguientes tipos de informaci\u00f3n que lo pueden identificar personalmente: nombre, direcci\u00f3n postal o de correo electr\u00f3nico y n\u00famero de tel\u00e9fono: fecha de nacimiento y g\u00e9nero; credenciales de la cuenta; n\u00famero de tarjeta de cr\u00e9dito o d\u00e9bito, fecha de vencimiento, n\u00famero de autorizaci\u00f3n o c\u00f3digo de seguridad, direcci\u00f3n postal y direcci\u00f3n de facturaci\u00f3n, y su historial de viajes e informaci\u00f3n de ubicaci\u00f3n a lo largo del uso de los Servicios.  Tambi\u00e9n podemos recopilar y almacenar los mensajes de correo electr\u00f3nico y las respuestas a trav\u00e9s de nuestro centro de servicio al cliente.<\/p>\n<p>&nbsp;<\/p>\n<p>MoGo puede recopilar adem\u00e1s informaci\u00f3n que lo identifica personalmente como patrones de tr\u00e1fico y estad\u00edsticas de uso.  Esto incluye, m\u00e1s no se limita a: duraci\u00f3n de viajes, hora de inicio, hora final, estaciones usadas, n\u00fameros de identificaci\u00f3n de bicicleta y tipo de usuario.  Vea a continuaci\u00f3n para ver los datos de computadora y no personales para ver otros tipos de informaci\u00f3n que no lo identifican personalmente.<\/p>\n<p>&nbsp;<\/p>\n<p><strong>C\u00f3mo puede usar MoGo la informaci\u00f3n recopilada<\/strong><\/p>\n<p><strong>\u00a0<\/strong><\/p>\n<p>MoGo puede usar la informaci\u00f3n recopilada a trav\u00e9s del Sitio o los Servicios para los siguientes prop\u00f3sitos, a manera enunciativa m\u00e1s no limitativa: procesado de pedidos, respuestas a mensajes de servicio al cliente; promoci\u00f3n, operaci\u00f3n y soporte a MoGo, incluyendo ponernos en contacto con usted para investigaci\u00f3n o promociones de mercado; para mejorar el Sitio o los Servicios; para analizar y monitorear su uso del Sitio o de los Servicios; y para informar a las autoridades y compa\u00f1\u00edas aseguradores en caso de un accidente.<\/p>\n<p>&nbsp;<\/p>\n<p><strong>C\u00f3mo comparte MoGo su informaci\u00f3n<\/strong><\/p>\n<p><strong>\u00a0<\/strong><\/p>\n<p>Con excepci\u00f3n de lo prohibido por ley, MoGo puede compartir su informaci\u00f3n son las siguientes terceras partes, incluyendo a car\u00e1cter enunciativo m\u00e1s no limitativo: socios y contratistas autorizados para los Servicios, terceras partes de respaldo (p.e. Procesado de tarjetas de cr\u00e9dito); prop\u00f3sitos de publicidad y marketing; si lo establece la ley, en caso de una venta o fusi\u00f3n de la empresa o cualquier operador posterior del Sitio y los Servicios, o como se defina de otra forma en la Pol\u00edtica de Privacidad.<\/p>\n<p>&nbsp;<\/p>\n<p>El Sitio contiene enlaces a otros sitios.  Tenga presente que MoGo no es responsable por el contenido o las pol\u00edticas de privacidad de dichos sitios.  Invitamos a nuestros usuarios a que tengan presente que cuando salen de nuestro sitio, que lean las pol\u00edticas de privacidad de otros sitios que recopilan informaci\u00f3n que los identifican personalmente.<\/p>\n<p>&nbsp;<\/p>\n<p>&nbsp;<\/p>\n<p>&nbsp;<\/p>\n<p><strong>Revisi\u00f3n y cambio de su informaci\u00f3n<\/strong><\/p>\n<p><strong>\u00a0<\/strong><\/p>\n<p>Usted es responsable de mantener la fiabilidad de su informaci\u00f3n.  Para cambiar su informaci\u00f3n, ingrese a su cuenta o p\u00f3ngase en contacto con nosotros:<\/p>\n<p>&nbsp;<\/p>\n<p>Tel\u00e9fono: 1-888-MoGo-123<\/p>\n<p>&nbsp;<\/p>\n<p>Correo electr\u00f3nico: <a href=\"mailto:customerservice@mogodetroit.org\">customerservice@mogodetroit.org<\/a><\/p>\n<p><strong>\u00a0<\/strong><\/p>\n<p><strong>Procedimientos de exclusi\u00f3n<\/strong><\/p>\n<p><strong>\u00a0<\/strong><\/p>\n<p>Si usted desea no participar en los comunicados por correo electr\u00f3nico de promoci\u00f3n o marketing, lo puede hacer comunic\u00e1ndose con MoGo a<a href=\"mailto:customerservice@mogodetroit.org\">customerservice@mogodetroit.org<\/a>o siguiendo las instrucciones que se incluyen en los correos electr\u00f3nicos de promoci\u00f3n o marketing.  Sin embargo, no puede optar por no recibir correos electr\u00f3nicos relacionados con su cuenta o con el uso de nuestros Servicios mientras su cuenta est\u00e1 activa.  Si ya no desea usar los Servicios o recibir alg\u00fan tipo de contacto directo por parte de MoGo, cont\u00e1ctenos a trav\u00e9s de: <a href=\"mailto:customerservice@mogodetroit.org\">customerservice@mogodetroit.org<\/a><\/p>\n<p>&nbsp;<\/p>\n<p><strong>\u00abDatos de computadora y no personales<\/strong><\/p>\n<p><strong>\u00a0<\/strong><\/p>\n<p>MoGo utiliza cookies en el Sitio.  Una cookie es una pieza de datos almacenada en el disco duro del visitante del sitio, esto nos ayuda a mejorar su acceso al Sitio y a identificar a visitantes reincidentes al Sitio.  Por ejemplo, podemos usar una cookie para identificarlo a usted, para determinar los patrones de tr\u00e1fico del usuario, o para mejorar la experiencia del visitante en el Sitio.  Usted puede elegir desactivar las Cookies o negarse a aceptar una cookie, pero podr\u00eda no tener acceso a todas las \u00e1reas o funciones del Sitio cuando su navegador no acepta las cookies.<\/p>\n<p>&nbsp;<\/p>\n<p>MoGo tambi\u00e9n recopilar\u00e1 direcciones de Protocolo de Internet (IP), el tipo de navegador que usa el visitante, el tipo de sistema operativo de la computadora, el nombre de dominio del sitio web que ha usado para tener acceso al Sitio, y la informaci\u00f3n del viaje sin informaci\u00f3n que lo identifique personalmente a usted.<\/p>\n<p><strong>\u00a0<\/strong><\/p>\n<p><strong>Actualizaciones y cambios a la Pol\u00edtica de Privacidad<\/strong><\/p>\n<p><strong>\u00a0<\/strong><\/p>\n<p>MoGo se reserva el derecho de enmendar, modificar o cambiar esta Pol\u00edtica de Privacidad en cualquier momento sin su consentimiento.  Revise con frecuencia esta Pol\u00edtica de Privacidad para estar consciente de cualquier enmienda, modificaci\u00f3n o cambios.  Si decide visitar nuestro Sitio, usted est\u00e1 sujeto a esta Pol\u00edtica de Privacidad y a los T\u00e9rminos y Condiciones de Uso.<\/p>\n<p><strong>\u00a0<\/strong><\/p>\n<p><strong>Protecci\u00f3n para ni\u00f1os<\/strong><\/p>\n<p>&nbsp;<\/p>\n<p>MoGo, su Sitio y los Servicios no est\u00e1n destinados para usuarios menores de 16 a\u00f1os de edad, y, como tal, no recauda a sabiendas informaci\u00f3n personal de personas menores de 16 a\u00f1os de edad.  Si usted tiene menos de 16 a\u00f1os de edad no use el Sitio o los Servicios y no env\u00ede ning\u00fan tipo de informaci\u00f3n personal a MoGo.  Si un padre o tutor se percata que su hijo(a) menor de 16 a\u00f1os de edad no ha proporcionado su informaci\u00f3n personal sin su autorizaci\u00f3n, \u00e9l o ella debe ponerse en contacto con  <a href=\"mailto:customerservice@mogodetroit.org\">customerservice@mogodetroit.org<\/a> y nosotros borraremos dicha informaci\u00f3n de nuestros archivos.<\/p>\n<p><strong>\u00a0<\/strong><\/p>\n<p><strong>\u00a0<\/strong><\/p>\n<p><strong>\u00a0<\/strong><\/p>\n<p><strong>Seguridad<\/strong><\/p>\n<p><strong>\u00a0<\/strong><\/p>\n<p>Hemos instalado un software de cifrado que cumple con el protocolo de Secure Socket Layers (SSL) para salvaguardar la informaci\u00f3n que nos env\u00eda.  Tenga presente que ning\u00fan m\u00e9todo de transmisi\u00f3n por Internet o almacenamiento electr\u00f3nico es 100% seguro.  Nosotros no podemos garantizar la seguridad de la informaci\u00f3n que nos trasmite a trav\u00e9s de nuestro Sitio y Servicios.  MoGo no ser\u00e1 responsable por cualquier incumplimiento de confidencialidad debido a una falla del sistema o al acceso no autorizado por terceros.<\/p>\n<p><strong>\u00a0<\/strong><\/p>\n<p><strong>Autorizaci\u00f3n<\/strong><\/p>\n<p><strong>\u00a0<\/strong><\/p>\n<p>Cuando usted usa nuestro Sitio y Servicio acepta los t\u00e9rminos de esta Pol\u00edtica de Privacidad.  Cuando usted contin\u00faa usando el Sitio y los Servicios otorga su consentimiento a cualquier cambio de esta Pol\u00edtica de Privacidad.  Por favor no utilice este Sito o los Servicios si no est\u00e1 de acuerdo con esta pol\u00edtica.<\/p>\n<p><strong>\u00a0<\/strong><\/p>\n<p><strong>Cont\u00e1ctenos<\/strong><\/p>\n<p><strong>\u00a0<\/strong><\/p>\n<p>Si necesita informaci\u00f3n adicional o si tiene preguntas o inquietudes relacionadas con esta Pol\u00edtica de Privacidad cont\u00e1ctenos escribiendo a: <a href=\"mailto:customerservice@mogodetroit.org\">customerservice@mogodetroit.org<\/a>.<\/p>\n<p>&nbsp;<\/p>\n<p>&nbsp;<\/p>\n<p>&nbsp;<\/p>\n","protected":false},"excerpt":{"rendered":"<p>POL\u00cdTICA DE PRIVACIDAD Fecha de vigencia: 1\u00ba de abril de 2017 &nbsp; MoGo, Detroit Bike Share (MoGo) est\u00e1 comprometido en conservar su privacidad y confianza. Por lo tanto, mantenemos la siguiente pol\u00edtica de privacidad para ayudarle a comprender como recopilamos, usamos, compartimos y protegemos la informaci\u00f3n personal que nos proporciona a trav\u00e9s del www.MoGoDetroit.org (el \u201cSitio\u201d) y en nuestros quioscos de bicicletas compartidas, estaciones de estacionamiento, centro de servicio al<\/p>\n<p><a href=\"https:\/\/mogodetroit.org\/es\/politica-de-privacidad\/\" class=\"readmore\" >Leer m\u00e1s<\/a><\/p>\n","protected":false},"author":1,"featured_media":0,"parent":0,"menu_order":0,"comment_status":"closed","ping_status":"closed","template":"","meta":{"_acf_changed":false,"footnotes":""},"class_list":["post-1374","page","type-page","status-publish","hentry"],"acf":[],"yoast_head":"<!-- This site is optimized with the Yoast SEO plugin v25.2 - https:\/\/yoast.com\/wordpress\/plugins\/seo\/ -->\n<title>POL\u00cdTICA DE PRIVACIDAD - MoGo<\/title>\n<meta name=\"robots\" content=\"index, follow, max-snippet:-1, max-image-preview:large, max-video-preview:-1\" \/>\n<link rel=\"canonical\" href=\"https:\/\/mogodetroit.org\/es\/politica-de-privacidad\/\" \/>\n<meta property=\"og:locale\" content=\"es_ES\" \/>\n<meta property=\"og:type\" content=\"article\" \/>\n<meta property=\"og:title\" content=\"POL\u00cdTICA DE PRIVACIDAD - MoGo\" \/>\n<meta property=\"og:description\" content=\"POL\u00cdTICA DE PRIVACIDAD Fecha de vigencia: 1\u00ba de abril de 2017 &nbsp; MoGo, Detroit Bike Share (MoGo) est\u00e1 comprometido en conservar su privacidad y confianza. Por lo tanto, mantenemos la siguiente pol\u00edtica de privacidad para ayudarle a comprender como recopilamos, usamos, compartimos y protegemos la informaci\u00f3n personal que nos proporciona a trav\u00e9s del www.MoGoDetroit.org (el \u201cSitio\u201d) y en nuestros quioscos de bicicletas compartidas, estaciones de estacionamiento, centro de servicio alLeer m\u00e1s\" \/>\n<meta property=\"og:url\" content=\"https:\/\/mogodetroit.org\/es\/politica-de-privacidad\/\" \/>\n<meta property=\"og:site_name\" content=\"MoGo\" \/>\n<meta property=\"article:modified_time\" content=\"2017-08-16T17:00:18+00:00\" \/>\n<meta name=\"twitter:card\" content=\"summary_large_image\" \/>\n<meta name=\"twitter:label1\" content=\"Tiempo de lectura\" \/>\n\t<meta name=\"twitter:data1\" content=\"6 minutos\" \/>\n<script type=\"application\/ld+json\" class=\"yoast-schema-graph\">{\"@context\":\"https:\/\/schema.org\",\"@graph\":[{\"@type\":\"WebPage\",\"@id\":\"https:\/\/mogodetroit.org\/es\/politica-de-privacidad\/\",\"url\":\"https:\/\/mogodetroit.org\/es\/politica-de-privacidad\/\",\"name\":\"POL\u00cdTICA DE PRIVACIDAD - MoGo\",\"isPartOf\":{\"@id\":\"https:\/\/mogodetroit.org\/#website\"},\"datePublished\":\"2017-08-16T16:46:44+00:00\",\"dateModified\":\"2017-08-16T17:00:18+00:00\",\"breadcrumb\":{\"@id\":\"https:\/\/mogodetroit.org\/es\/politica-de-privacidad\/#breadcrumb\"},\"inLanguage\":\"es\",\"potentialAction\":[{\"@type\":\"ReadAction\",\"target\":[\"https:\/\/mogodetroit.org\/es\/politica-de-privacidad\/\"]}]},{\"@type\":\"BreadcrumbList\",\"@id\":\"https:\/\/mogodetroit.org\/es\/politica-de-privacidad\/#breadcrumb\",\"itemListElement\":[{\"@type\":\"ListItem\",\"position\":1,\"name\":\"Home\",\"item\":\"https:\/\/mogodetroit.org\/es\/\"},{\"@type\":\"ListItem\",\"position\":2,\"name\":\"POL\u00cdTICA DE PRIVACIDAD\"}]},{\"@type\":\"WebSite\",\"@id\":\"https:\/\/mogodetroit.org\/#website\",\"url\":\"https:\/\/mogodetroit.org\/\",\"name\":\"MoGo\",\"description\":\"Detroit Bike Share\",\"potentialAction\":[{\"@type\":\"SearchAction\",\"target\":{\"@type\":\"EntryPoint\",\"urlTemplate\":\"https:\/\/mogodetroit.org\/?s={search_term_string}\"},\"query-input\":{\"@type\":\"PropertyValueSpecification\",\"valueRequired\":true,\"valueName\":\"search_term_string\"}}],\"inLanguage\":\"es\"}]}<\/script>\n<!-- \/ Yoast SEO plugin. -->","yoast_head_json":{"title":"POL\u00cdTICA DE PRIVACIDAD - MoGo","robots":{"index":"index","follow":"follow","max-snippet":"max-snippet:-1","max-image-preview":"max-image-preview:large","max-video-preview":"max-video-preview:-1"},"canonical":"https:\/\/mogodetroit.org\/es\/politica-de-privacidad\/","og_locale":"es_ES","og_type":"article","og_title":"POL\u00cdTICA DE PRIVACIDAD - MoGo","og_description":"POL\u00cdTICA DE PRIVACIDAD Fecha de vigencia: 1\u00ba de abril de 2017 &nbsp; MoGo, Detroit Bike Share (MoGo) est\u00e1 comprometido en conservar su privacidad y confianza. Por lo tanto, mantenemos la siguiente pol\u00edtica de privacidad para ayudarle a comprender como recopilamos, usamos, compartimos y protegemos la informaci\u00f3n personal que nos proporciona a trav\u00e9s del www.MoGoDetroit.org (el \u201cSitio\u201d) y en nuestros quioscos de bicicletas compartidas, estaciones de estacionamiento, centro de servicio alLeer m\u00e1s","og_url":"https:\/\/mogodetroit.org\/es\/politica-de-privacidad\/","og_site_name":"MoGo","article_modified_time":"2017-08-16T17:00:18+00:00","twitter_card":"summary_large_image","twitter_misc":{"Tiempo de lectura":"6 minutos"},"schema":{"@context":"https:\/\/schema.org","@graph":[{"@type":"WebPage","@id":"https:\/\/mogodetroit.org\/es\/politica-de-privacidad\/","url":"https:\/\/mogodetroit.org\/es\/politica-de-privacidad\/","name":"POL\u00cdTICA DE PRIVACIDAD - MoGo","isPartOf":{"@id":"https:\/\/mogodetroit.org\/#website"},"datePublished":"2017-08-16T16:46:44+00:00","dateModified":"2017-08-16T17:00:18+00:00","breadcrumb":{"@id":"https:\/\/mogodetroit.org\/es\/politica-de-privacidad\/#breadcrumb"},"inLanguage":"es","potentialAction":[{"@type":"ReadAction","target":["https:\/\/mogodetroit.org\/es\/politica-de-privacidad\/"]}]},{"@type":"BreadcrumbList","@id":"https:\/\/mogodetroit.org\/es\/politica-de-privacidad\/#breadcrumb","itemListElement":[{"@type":"ListItem","position":1,"name":"Home","item":"https:\/\/mogodetroit.org\/es\/"},{"@type":"ListItem","position":2,"name":"POL\u00cdTICA DE PRIVACIDAD"}]},{"@type":"WebSite","@id":"https:\/\/mogodetroit.org\/#website","url":"https:\/\/mogodetroit.org\/","name":"MoGo","description":"Detroit Bike Share","potentialAction":[{"@type":"SearchAction","target":{"@type":"EntryPoint","urlTemplate":"https:\/\/mogodetroit.org\/?s={search_term_string}"},"query-input":{"@type":"PropertyValueSpecification","valueRequired":true,"valueName":"search_term_string"}}],"inLanguage":"es"}]}},"_links":{"self":[{"href":"https:\/\/mogodetroit.org\/es\/wp-json\/wp\/v2\/pages\/1374","targetHints":{"allow":["GET"]}}],"collection":[{"href":"https:\/\/mogodetroit.org\/es\/wp-json\/wp\/v2\/pages"}],"about":[{"href":"https:\/\/mogodetroit.org\/es\/wp-json\/wp\/v2\/types\/page"}],"author":[{"embeddable":true,"href":"https:\/\/mogodetroit.org\/es\/wp-json\/wp\/v2\/users\/1"}],"replies":[{"embeddable":true,"href":"https:\/\/mogodetroit.org\/es\/wp-json\/wp\/v2\/comments?post=1374"}],"version-history":[{"count":2,"href":"https:\/\/mogodetroit.org\/es\/wp-json\/wp\/v2\/pages\/1374\/revisions"}],"predecessor-version":[{"id":1376,"href":"https:\/\/mogodetroit.org\/es\/wp-json\/wp\/v2\/pages\/1374\/revisions\/1376"}],"wp:attachment":[{"href":"https:\/\/mogodetroit.org\/es\/wp-json\/wp\/v2\/media?parent=1374"}],"curies":[{"name":"wp","href":"https:\/\/api.w.org\/{rel}","templated":true}]}}