{"id":1377,"date":"2017-08-16T17:04:44","date_gmt":"2017-08-16T17:04:44","guid":{"rendered":"https:\/\/mogodetroit.org\/?page_id=1377\/"},"modified":"2017-08-16T17:17:56","modified_gmt":"2017-08-16T17:17:56","slug":"pagar-con-efectivo","status":"publish","type":"page","link":"https:\/\/mogodetroit.org\/es\/pagar-con-efectivo\/","title":{"rendered":"PAGAR CON EFECTIVO"},"content":{"rendered":"    <div class=\"col-xs-12 col-sm-12 col-md-12 col-lg-12 bgthubpad alignCenter\">\n      <h1 class='marginBtm20'>PAGAR CON EFECTIVO<\/h1>\n      <div><\/div>\n    <\/div>\n\n<p>MoGo se ha asociado con PayNearMe para pagar con efectivo para todas las opciones de Pase Anual, Mensual y de Acceso.<\/p>\n<h1>ES BIEN SENCILLO.<\/h1>\n<p>&nbsp;<\/p>\n<p><strong>Paso 1<\/strong><\/p>\n<p>Inscr\u00edbase para un Pase Anual, Mensual o de Acceso de MoGo y seleccione la opci\u00f3n de pagar con efectivo. Obtendr\u00e1 un c\u00f3digo de barras para imprimir o se enviar\u00e1 a su tel\u00e9fono.<\/p>\n<p>&nbsp;<\/p>\n<p><strong>Paso 2<\/strong><\/p>\n<p>Lleve su c\u00f3digo de barras a cualquier 7-Eleven, CVS o Family Dollar para hacer su pago en efectivo. Encontrar la ubicaci\u00f3n m\u00e1s cercana <a href=\"http:\/\/paynearme.com\/en\/payment-locations\/\"> aqu\u00ed<\/a><\/p>\n<p>&nbsp;<\/p>\n<p><strong>Paso 3<\/strong><\/p>\n<p>Su paquete de membres\u00eda de MoGo se le enviar\u00e1 por correo dentro de una semana.<\/p>\n<p>&nbsp;<\/p>\n<p><strong>Paso 4<\/strong><\/p>\n<p>Mantenga su pase activo pagando su siguiente ciclo de facturaci\u00f3n y las cuotas de usuario que tenga pendiente en cualquier 7-Eleven, CVS o Family Dollar.<\/p>\n<p>&nbsp;<\/p>\n<h1 style=\"text-align: center;\">PAYNEARME LE VA A ENCANTAR<\/h1>\n<p>\t\t\t\t<img loading=\"lazy\" decoding=\"async\" src=\"https:\/\/mogodetroit.org\/wp-content\/uploads\/2017\/04\/9014-200-1.png\" alt=\"9014-200\" itemprop=\"image\" height=\"80\" width=\"80\"  \/><br \/>\n\tES BIEN F\u00c1CIL<\/p>\n<p style=\"text-align: center;\">Simplemente descargue la aplicaci\u00f3n GRATUITA en Google Play o la App Store.<\/p>\n<p>\t\t\t\t<img loading=\"lazy\" decoding=\"async\" src=\"https:\/\/mogodetroit.org\/wp-content\/uploads\/2017\/04\/9014-200-1.png\" alt=\"9014-200\" itemprop=\"image\" height=\"80\" width=\"80\"  \/><br \/>\n\tES BIEN PR\u00c1CTICO<\/p>\n<p style=\"text-align: center;\">Pague en menos de 60 segundos en casi 28,000 ubicaciones. El historial de pago y los recibos se almacenan en la aplicaci\u00f3n y puede programar recordatorios para la siguiente vez.<\/p>\n<p>\t\t\t\t<img loading=\"lazy\" decoding=\"async\" src=\"https:\/\/mogodetroit.org\/wp-content\/uploads\/2017\/04\/9014-200-1.png\" alt=\"9014-200\" itemprop=\"image\" height=\"80\" width=\"80\"  \/><br \/>\n\tES SEGURO<\/p>\n<p style=\"text-align: center;\">Obtendr\u00e1 un recibo como comprobante de pago, igual que cuando compra algo en la tienda. \u00a1A la fecha hemos procesado m\u00e1s de un mill\u00f3n de pagos para clientes como usted!<\/p>\n","protected":false},"excerpt":{"rendered":"<p>MoGo se ha asociado con PayNearMe para pagar con efectivo para todas las opciones de Pase Anual, Mensual y de Acceso. ES BIEN SENCILLO. &nbsp; Paso 1 Inscr\u00edbase para un Pase Anual, Mensual o de Acceso de MoGo y seleccione la opci\u00f3n de pagar con efectivo. Obtendr\u00e1 un c\u00f3digo de barras para imprimir o se enviar\u00e1 a su tel\u00e9fono. &nbsp; Paso 2 Lleve su c\u00f3digo de barras a cualquier 7-Eleven,<\/p>\n<p><a href=\"https:\/\/mogodetroit.org\/es\/pagar-con-efectivo\/\" class=\"readmore\" >Leer m\u00e1s<\/a><\/p>\n","protected":false},"author":1,"featured_media":0,"parent":0,"menu_order":0,"comment_status":"closed","ping_status":"closed","template":"","meta":{"_acf_changed":false,"footnotes":""},"class_list":["post-1377","page","type-page","status-publish","hentry"],"acf":[],"yoast_head":"<!-- This site is optimized with the Yoast SEO plugin v25.2 - https:\/\/yoast.com\/wordpress\/plugins\/seo\/ -->\n<title>PAGAR CON EFECTIVO - MoGo<\/title>\n<meta name=\"robots\" content=\"index, follow, max-snippet:-1, max-image-preview:large, max-video-preview:-1\" \/>\n<link rel=\"canonical\" href=\"https:\/\/mogodetroit.org\/es\/pagar-con-efectivo\/\" \/>\n<meta property=\"og:locale\" content=\"es_ES\" \/>\n<meta property=\"og:type\" content=\"article\" \/>\n<meta property=\"og:title\" content=\"PAGAR CON EFECTIVO - MoGo\" \/>\n<meta property=\"og:description\" content=\"MoGo se ha asociado con PayNearMe para pagar con efectivo para todas las opciones de Pase Anual, Mensual y de Acceso. ES BIEN SENCILLO. &nbsp; Paso 1 Inscr\u00edbase para un Pase Anual, Mensual o de Acceso de MoGo y seleccione la opci\u00f3n de pagar con efectivo. Obtendr\u00e1 un c\u00f3digo de barras para imprimir o se enviar\u00e1 a su tel\u00e9fono. &nbsp; Paso 2 Lleve su c\u00f3digo de barras a cualquier 7-Eleven,Leer m\u00e1s\" \/>\n<meta property=\"og:url\" content=\"https:\/\/mogodetroit.org\/es\/pagar-con-efectivo\/\" \/>\n<meta property=\"og:site_name\" content=\"MoGo\" \/>\n<meta property=\"article:modified_time\" content=\"2017-08-16T17:17:56+00:00\" \/>\n<meta property=\"og:image\" content=\"https:\/\/mogodetroit.org\/wp-content\/uploads\/2017\/04\/9014-200-1.png\" \/>\n<meta name=\"twitter:card\" content=\"summary_large_image\" \/>\n<meta name=\"twitter:label1\" content=\"Tiempo de lectura\" \/>\n\t<meta name=\"twitter:data1\" content=\"1 minuto\" \/>\n<script type=\"application\/ld+json\" class=\"yoast-schema-graph\">{\"@context\":\"https:\/\/schema.org\",\"@graph\":[{\"@type\":\"WebPage\",\"@id\":\"https:\/\/mogodetroit.org\/es\/pagar-con-efectivo\/\",\"url\":\"https:\/\/mogodetroit.org\/es\/pagar-con-efectivo\/\",\"name\":\"PAGAR CON EFECTIVO - MoGo\",\"isPartOf\":{\"@id\":\"https:\/\/mogodetroit.org\/#website\"},\"primaryImageOfPage\":{\"@id\":\"https:\/\/mogodetroit.org\/es\/pagar-con-efectivo\/#primaryimage\"},\"image\":{\"@id\":\"https:\/\/mogodetroit.org\/es\/pagar-con-efectivo\/#primaryimage\"},\"thumbnailUrl\":\"https:\/\/mogodetroit.org\/wp-content\/uploads\/2017\/04\/9014-200-1.png\",\"datePublished\":\"2017-08-16T17:04:44+00:00\",\"dateModified\":\"2017-08-16T17:17:56+00:00\",\"breadcrumb\":{\"@id\":\"https:\/\/mogodetroit.org\/es\/pagar-con-efectivo\/#breadcrumb\"},\"inLanguage\":\"es\",\"potentialAction\":[{\"@type\":\"ReadAction\",\"target\":[\"https:\/\/mogodetroit.org\/es\/pagar-con-efectivo\/\"]}]},{\"@type\":\"ImageObject\",\"inLanguage\":\"es\",\"@id\":\"https:\/\/mogodetroit.org\/es\/pagar-con-efectivo\/#primaryimage\",\"url\":\"https:\/\/mogodetroit.org\/wp-content\/uploads\/2017\/04\/9014-200-1.png\",\"contentUrl\":\"https:\/\/mogodetroit.org\/wp-content\/uploads\/2017\/04\/9014-200-1.png\"},{\"@type\":\"BreadcrumbList\",\"@id\":\"https:\/\/mogodetroit.org\/es\/pagar-con-efectivo\/#breadcrumb\",\"itemListElement\":[{\"@type\":\"ListItem\",\"position\":1,\"name\":\"Home\",\"item\":\"https:\/\/mogodetroit.org\/es\/\"},{\"@type\":\"ListItem\",\"position\":2,\"name\":\"PAGAR CON EFECTIVO\"}]},{\"@type\":\"WebSite\",\"@id\":\"https:\/\/mogodetroit.org\/#website\",\"url\":\"https:\/\/mogodetroit.org\/\",\"name\":\"MoGo\",\"description\":\"Detroit Bike Share\",\"potentialAction\":[{\"@type\":\"SearchAction\",\"target\":{\"@type\":\"EntryPoint\",\"urlTemplate\":\"https:\/\/mogodetroit.org\/?s={search_term_string}\"},\"query-input\":{\"@type\":\"PropertyValueSpecification\",\"valueRequired\":true,\"valueName\":\"search_term_string\"}}],\"inLanguage\":\"es\"}]}<\/script>\n<!-- \/ Yoast SEO plugin. -->","yoast_head_json":{"title":"PAGAR CON EFECTIVO - MoGo","robots":{"index":"index","follow":"follow","max-snippet":"max-snippet:-1","max-image-preview":"max-image-preview:large","max-video-preview":"max-video-preview:-1"},"canonical":"https:\/\/mogodetroit.org\/es\/pagar-con-efectivo\/","og_locale":"es_ES","og_type":"article","og_title":"PAGAR CON EFECTIVO - MoGo","og_description":"MoGo se ha asociado con PayNearMe para pagar con efectivo para todas las opciones de Pase Anual, Mensual y de Acceso. ES BIEN SENCILLO. &nbsp; Paso 1 Inscr\u00edbase para un Pase Anual, Mensual o de Acceso de MoGo y seleccione la opci\u00f3n de pagar con efectivo. Obtendr\u00e1 un c\u00f3digo de barras para imprimir o se enviar\u00e1 a su tel\u00e9fono. &nbsp; Paso 2 Lleve su c\u00f3digo de barras a cualquier 7-Eleven,Leer m\u00e1s","og_url":"https:\/\/mogodetroit.org\/es\/pagar-con-efectivo\/","og_site_name":"MoGo","article_modified_time":"2017-08-16T17:17:56+00:00","og_image":[{"url":"https:\/\/mogodetroit.org\/wp-content\/uploads\/2017\/04\/9014-200-1.png","type":"","width":"","height":""}],"twitter_card":"summary_large_image","twitter_misc":{"Tiempo de lectura":"1 minuto"},"schema":{"@context":"https:\/\/schema.org","@graph":[{"@type":"WebPage","@id":"https:\/\/mogodetroit.org\/es\/pagar-con-efectivo\/","url":"https:\/\/mogodetroit.org\/es\/pagar-con-efectivo\/","name":"PAGAR CON EFECTIVO - MoGo","isPartOf":{"@id":"https:\/\/mogodetroit.org\/#website"},"primaryImageOfPage":{"@id":"https:\/\/mogodetroit.org\/es\/pagar-con-efectivo\/#primaryimage"},"image":{"@id":"https:\/\/mogodetroit.org\/es\/pagar-con-efectivo\/#primaryimage"},"thumbnailUrl":"https:\/\/mogodetroit.org\/wp-content\/uploads\/2017\/04\/9014-200-1.png","datePublished":"2017-08-16T17:04:44+00:00","dateModified":"2017-08-16T17:17:56+00:00","breadcrumb":{"@id":"https:\/\/mogodetroit.org\/es\/pagar-con-efectivo\/#breadcrumb"},"inLanguage":"es","potentialAction":[{"@type":"ReadAction","target":["https:\/\/mogodetroit.org\/es\/pagar-con-efectivo\/"]}]},{"@type":"ImageObject","inLanguage":"es","@id":"https:\/\/mogodetroit.org\/es\/pagar-con-efectivo\/#primaryimage","url":"https:\/\/mogodetroit.org\/wp-content\/uploads\/2017\/04\/9014-200-1.png","contentUrl":"https:\/\/mogodetroit.org\/wp-content\/uploads\/2017\/04\/9014-200-1.png"},{"@type":"BreadcrumbList","@id":"https:\/\/mogodetroit.org\/es\/pagar-con-efectivo\/#breadcrumb","itemListElement":[{"@type":"ListItem","position":1,"name":"Home","item":"https:\/\/mogodetroit.org\/es\/"},{"@type":"ListItem","position":2,"name":"PAGAR CON EFECTIVO"}]},{"@type":"WebSite","@id":"https:\/\/mogodetroit.org\/#website","url":"https:\/\/mogodetroit.org\/","name":"MoGo","description":"Detroit Bike Share","potentialAction":[{"@type":"SearchAction","target":{"@type":"EntryPoint","urlTemplate":"https:\/\/mogodetroit.org\/?s={search_term_string}"},"query-input":{"@type":"PropertyValueSpecification","valueRequired":true,"valueName":"search_term_string"}}],"inLanguage":"es"}]}},"_links":{"self":[{"href":"https:\/\/mogodetroit.org\/es\/wp-json\/wp\/v2\/pages\/1377","targetHints":{"allow":["GET"]}}],"collection":[{"href":"https:\/\/mogodetroit.org\/es\/wp-json\/wp\/v2\/pages"}],"about":[{"href":"https:\/\/mogodetroit.org\/es\/wp-json\/wp\/v2\/types\/page"}],"author":[{"embeddable":true,"href":"https:\/\/mogodetroit.org\/es\/wp-json\/wp\/v2\/users\/1"}],"replies":[{"embeddable":true,"href":"https:\/\/mogodetroit.org\/es\/wp-json\/wp\/v2\/comments?post=1377"}],"version-history":[{"count":2,"href":"https:\/\/mogodetroit.org\/es\/wp-json\/wp\/v2\/pages\/1377\/revisions"}],"predecessor-version":[{"id":1379,"href":"https:\/\/mogodetroit.org\/es\/wp-json\/wp\/v2\/pages\/1377\/revisions\/1379"}],"wp:attachment":[{"href":"https:\/\/mogodetroit.org\/es\/wp-json\/wp\/v2\/media?parent=1377"}],"curies":[{"name":"wp","href":"https:\/\/api.w.org\/{rel}","templated":true}]}}