{"id":1380,"date":"2017-08-16T17:28:22","date_gmt":"2017-08-16T17:28:22","guid":{"rendered":"https:\/\/mogodetroit.org\/?page_id=1380\/"},"modified":"2021-04-20T13:14:40","modified_gmt":"2021-04-20T17:14:40","slug":"descuento-para-adultos-mayores","status":"publish","type":"page","link":"https:\/\/mogodetroit.org\/es\/descuento-para-adultos-mayores\/","title":{"rendered":"MoGo Descuento para adultos mayores"},"content":{"rendered":"\r\n<h1>MoGo Descuento para adultos mayores<\/h1>\r\n<p>MoGo ofrece un pase anual con descuento para personas mayores de 65 a\u00f1os. Este pase proporciona acceso a MoGo durante un a\u00f1o por s\u00f3lo $70. Para obtener el pase, s\u00f3lo tiene que introducir su fecha de nacimiento en nuestra p\u00e1gina de registro.<\/p>\r\n<p><a role=\"button\" href=\"https:\/\/mogodetroit.org\/members\/register\" target=\"_self\" rel=\"noopener noreferrer\"> Reg\u00edstrese hoy <\/a> <img loading=\"lazy\" decoding=\"async\" title=\"MOGO-CONTENT-6\" src=\"https:\/\/mogodetroit.org\/wp-content\/uploads\/2017\/03\/MOGO-CONTENT-6.jpg\" alt=\"MOGO-CONTENT-6\" width=\"500\" height=\"358\" \/><\/p>\r\n","protected":false},"excerpt":{"rendered":"<p>MoGo ofrece un pase anual con descuento para personas mayores de 65 a\u00f1os. Este pase proporciona acceso a MoGo durante un a\u00f1o por s\u00f3lo $70. Para obtener el pase, s\u00f3lo tiene que introducir su fecha de nacimiento en nuestra p\u00e1gina de registro. Reg\u00edstrese hoy<\/p>\n","protected":false},"author":1,"featured_media":0,"parent":0,"menu_order":0,"comment_status":"closed","ping_status":"closed","template":"","meta":{"_acf_changed":false,"footnotes":""},"class_list":["post-1380","page","type-page","status-publish","hentry"],"acf":[],"yoast_head":"<!-- This site is optimized with the Yoast SEO plugin v25.2 - https:\/\/yoast.com\/wordpress\/plugins\/seo\/ -->\n<title>MoGo Descuento para adultos mayores - MoGo<\/title>\n<meta name=\"robots\" content=\"index, follow, max-snippet:-1, max-image-preview:large, max-video-preview:-1\" \/>\n<link rel=\"canonical\" href=\"https:\/\/mogodetroit.org\/es\/descuento-para-adultos-mayores\/\" \/>\n<meta property=\"og:locale\" content=\"es_ES\" \/>\n<meta property=\"og:type\" content=\"article\" \/>\n<meta property=\"og:title\" content=\"MoGo Descuento para adultos mayores - MoGo\" \/>\n<meta property=\"og:description\" content=\"MoGo ofrece un pase anual con descuento para personas mayores de 65 a\u00f1os. Este pase proporciona acceso a MoGo durante un a\u00f1o por s\u00f3lo $70. Para obtener el pase, s\u00f3lo tiene que introducir su fecha de nacimiento en nuestra p\u00e1gina de registro. Reg\u00edstrese hoy\" \/>\n<meta property=\"og:url\" content=\"https:\/\/mogodetroit.org\/es\/descuento-para-adultos-mayores\/\" \/>\n<meta property=\"og:site_name\" content=\"MoGo\" \/>\n<meta property=\"article:modified_time\" content=\"2021-04-20T17:14:40+00:00\" \/>\n<meta property=\"og:image\" content=\"https:\/\/mogodetroit.org\/wp-content\/uploads\/2017\/03\/MOGO-CONTENT-6.jpg\" \/>\n<meta name=\"twitter:card\" content=\"summary_large_image\" \/>\n<script type=\"application\/ld+json\" class=\"yoast-schema-graph\">{\"@context\":\"https:\/\/schema.org\",\"@graph\":[{\"@type\":\"WebPage\",\"@id\":\"https:\/\/mogodetroit.org\/es\/descuento-para-adultos-mayores\/\",\"url\":\"https:\/\/mogodetroit.org\/es\/descuento-para-adultos-mayores\/\",\"name\":\"MoGo Descuento para adultos mayores - MoGo\",\"isPartOf\":{\"@id\":\"https:\/\/mogodetroit.org\/#website\"},\"primaryImageOfPage\":{\"@id\":\"https:\/\/mogodetroit.org\/es\/descuento-para-adultos-mayores\/#primaryimage\"},\"image\":{\"@id\":\"https:\/\/mogodetroit.org\/es\/descuento-para-adultos-mayores\/#primaryimage\"},\"thumbnailUrl\":\"https:\/\/mogodetroit.org\/wp-content\/uploads\/2017\/03\/MOGO-CONTENT-6.jpg\",\"datePublished\":\"2017-08-16T17:28:22+00:00\",\"dateModified\":\"2021-04-20T17:14:40+00:00\",\"breadcrumb\":{\"@id\":\"https:\/\/mogodetroit.org\/es\/descuento-para-adultos-mayores\/#breadcrumb\"},\"inLanguage\":\"es\",\"potentialAction\":[{\"@type\":\"ReadAction\",\"target\":[\"https:\/\/mogodetroit.org\/es\/descuento-para-adultos-mayores\/\"]}]},{\"@type\":\"ImageObject\",\"inLanguage\":\"es\",\"@id\":\"https:\/\/mogodetroit.org\/es\/descuento-para-adultos-mayores\/#primaryimage\",\"url\":\"https:\/\/mogodetroit.org\/wp-content\/uploads\/2017\/03\/MOGO-CONTENT-6.jpg\",\"contentUrl\":\"https:\/\/mogodetroit.org\/wp-content\/uploads\/2017\/03\/MOGO-CONTENT-6.jpg\"},{\"@type\":\"BreadcrumbList\",\"@id\":\"https:\/\/mogodetroit.org\/es\/descuento-para-adultos-mayores\/#breadcrumb\",\"itemListElement\":[{\"@type\":\"ListItem\",\"position\":1,\"name\":\"Home\",\"item\":\"https:\/\/mogodetroit.org\/es\/\"},{\"@type\":\"ListItem\",\"position\":2,\"name\":\"MoGo Descuento para adultos mayores\"}]},{\"@type\":\"WebSite\",\"@id\":\"https:\/\/mogodetroit.org\/#website\",\"url\":\"https:\/\/mogodetroit.org\/\",\"name\":\"MoGo\",\"description\":\"Detroit Bike Share\",\"potentialAction\":[{\"@type\":\"SearchAction\",\"target\":{\"@type\":\"EntryPoint\",\"urlTemplate\":\"https:\/\/mogodetroit.org\/?s={search_term_string}\"},\"query-input\":{\"@type\":\"PropertyValueSpecification\",\"valueRequired\":true,\"valueName\":\"search_term_string\"}}],\"inLanguage\":\"es\"}]}<\/script>\n<!-- \/ Yoast SEO plugin. -->","yoast_head_json":{"title":"MoGo Descuento para adultos mayores - MoGo","robots":{"index":"index","follow":"follow","max-snippet":"max-snippet:-1","max-image-preview":"max-image-preview:large","max-video-preview":"max-video-preview:-1"},"canonical":"https:\/\/mogodetroit.org\/es\/descuento-para-adultos-mayores\/","og_locale":"es_ES","og_type":"article","og_title":"MoGo Descuento para adultos mayores - MoGo","og_description":"MoGo ofrece un pase anual con descuento para personas mayores de 65 a\u00f1os. Este pase proporciona acceso a MoGo durante un a\u00f1o por s\u00f3lo $70. Para obtener el pase, s\u00f3lo tiene que introducir su fecha de nacimiento en nuestra p\u00e1gina de registro. Reg\u00edstrese hoy","og_url":"https:\/\/mogodetroit.org\/es\/descuento-para-adultos-mayores\/","og_site_name":"MoGo","article_modified_time":"2021-04-20T17:14:40+00:00","og_image":[{"url":"https:\/\/mogodetroit.org\/wp-content\/uploads\/2017\/03\/MOGO-CONTENT-6.jpg","type":"","width":"","height":""}],"twitter_card":"summary_large_image","schema":{"@context":"https:\/\/schema.org","@graph":[{"@type":"WebPage","@id":"https:\/\/mogodetroit.org\/es\/descuento-para-adultos-mayores\/","url":"https:\/\/mogodetroit.org\/es\/descuento-para-adultos-mayores\/","name":"MoGo Descuento para adultos mayores - MoGo","isPartOf":{"@id":"https:\/\/mogodetroit.org\/#website"},"primaryImageOfPage":{"@id":"https:\/\/mogodetroit.org\/es\/descuento-para-adultos-mayores\/#primaryimage"},"image":{"@id":"https:\/\/mogodetroit.org\/es\/descuento-para-adultos-mayores\/#primaryimage"},"thumbnailUrl":"https:\/\/mogodetroit.org\/wp-content\/uploads\/2017\/03\/MOGO-CONTENT-6.jpg","datePublished":"2017-08-16T17:28:22+00:00","dateModified":"2021-04-20T17:14:40+00:00","breadcrumb":{"@id":"https:\/\/mogodetroit.org\/es\/descuento-para-adultos-mayores\/#breadcrumb"},"inLanguage":"es","potentialAction":[{"@type":"ReadAction","target":["https:\/\/mogodetroit.org\/es\/descuento-para-adultos-mayores\/"]}]},{"@type":"ImageObject","inLanguage":"es","@id":"https:\/\/mogodetroit.org\/es\/descuento-para-adultos-mayores\/#primaryimage","url":"https:\/\/mogodetroit.org\/wp-content\/uploads\/2017\/03\/MOGO-CONTENT-6.jpg","contentUrl":"https:\/\/mogodetroit.org\/wp-content\/uploads\/2017\/03\/MOGO-CONTENT-6.jpg"},{"@type":"BreadcrumbList","@id":"https:\/\/mogodetroit.org\/es\/descuento-para-adultos-mayores\/#breadcrumb","itemListElement":[{"@type":"ListItem","position":1,"name":"Home","item":"https:\/\/mogodetroit.org\/es\/"},{"@type":"ListItem","position":2,"name":"MoGo Descuento para adultos mayores"}]},{"@type":"WebSite","@id":"https:\/\/mogodetroit.org\/#website","url":"https:\/\/mogodetroit.org\/","name":"MoGo","description":"Detroit Bike Share","potentialAction":[{"@type":"SearchAction","target":{"@type":"EntryPoint","urlTemplate":"https:\/\/mogodetroit.org\/?s={search_term_string}"},"query-input":{"@type":"PropertyValueSpecification","valueRequired":true,"valueName":"search_term_string"}}],"inLanguage":"es"}]}},"_links":{"self":[{"href":"https:\/\/mogodetroit.org\/es\/wp-json\/wp\/v2\/pages\/1380","targetHints":{"allow":["GET"]}}],"collection":[{"href":"https:\/\/mogodetroit.org\/es\/wp-json\/wp\/v2\/pages"}],"about":[{"href":"https:\/\/mogodetroit.org\/es\/wp-json\/wp\/v2\/types\/page"}],"author":[{"embeddable":true,"href":"https:\/\/mogodetroit.org\/es\/wp-json\/wp\/v2\/users\/1"}],"replies":[{"embeddable":true,"href":"https:\/\/mogodetroit.org\/es\/wp-json\/wp\/v2\/comments?post=1380"}],"version-history":[{"count":7,"href":"https:\/\/mogodetroit.org\/es\/wp-json\/wp\/v2\/pages\/1380\/revisions"}],"predecessor-version":[{"id":8402,"href":"https:\/\/mogodetroit.org\/es\/wp-json\/wp\/v2\/pages\/1380\/revisions\/8402"}],"wp:attachment":[{"href":"https:\/\/mogodetroit.org\/es\/wp-json\/wp\/v2\/media?parent=1380"}],"curies":[{"name":"wp","href":"https:\/\/api.w.org\/{rel}","templated":true}]}}