{"id":8322,"date":"2021-04-08T18:09:33","date_gmt":"2021-04-08T22:09:33","guid":{"rendered":"https:\/\/mogodetroit.org\/?page_id=8322"},"modified":"2022-06-24T13:57:41","modified_gmt":"2022-06-24T17:57:41","slug":"pase-de-acceso-de-5","status":"publish","type":"page","link":"https:\/\/mogodetroit.org\/es\/pase-de-acceso-de-5\/","title":{"rendered":"Pase de Acceso de $5"},"content":{"rendered":"\n\t<h1>Pase de Acceso de $5<\/h1>\n\t<p>El Pase de Acceso es un pase anual de $5 para los miembros registrados de los siguientes programas de subsidios estatales: Asistencia Alimentaria, Asistencia en Efectivo\/Independencia Familiar, Medicaid, Plan de Salud de Michigan, Servicios Especiales de Salud para Ni\u00f1os y Asistencia para el Cuidado de Ni\u00f1os.<\/p>\n<p>&nbsp;<\/p>\n<p>El Pase de Acceso brinda un n\u00famero ilimitado de viajes de 60 minutos durante un a\u00f1o. Para los viajes que se extienden m\u00e1s all\u00e1 de los 60 minutos, los usuarios pagan $0,25 por cada minuto adicional hasta que la bicicleta quede bien anclada en cualquier estaci\u00f3n MoGo. Para inscribirse en un Pase de Accesso, introduzca los 9 d\u00edgitos de su n\u00famero de caso del subsidio emitido por el estado en la p\u00e1gina de inscripci\u00f3n del usuario. El n\u00famero de caso se encuentra en la esquina superior derecha de cualquier carta que reciba sobre sus subsidios. Tambi\u00e9n se puede encontrar en su cuenta de MI Bridges.<\/p>\n<p>&nbsp;<\/p>\n<p>Recuerde que tambi\u00e9n puede pagar en efectivo.<\/p>\n\t\t\t<a href=\"https:\/\/mogodetroit.org\/members\/register?lang=es\" target=\"_self\" role=\"button\" rel=\"noopener noreferrer\">\n\t\t\t\t\t\t\tInscr\u00edbase\n\t\t\t\t\t<\/a>\n\t\t\t\t<img loading=\"lazy\" decoding=\"async\" src=\"https:\/\/mogodetroit.org\/wp-content\/uploads\/2021\/09\/MoGo_NW-Detroit_JMW_038-min-scaled.jpg\" alt=\"MoGo_NW Detroit_JMW_038-min\" itemprop=\"image\" height=\"1707\" width=\"2560\" title=\"MoGo_NW Detroit_JMW_038-min\" onerror=\"this.style.display='none'\"  \/>\n","protected":false},"excerpt":{"rendered":"<p>El Pase de Acceso es un pase anual de $5 para los miembros registrados de los siguientes programas de subsidios estatales: Asistencia Alimentaria, Asistencia en Efectivo\/Independencia Familiar, Medicaid, Plan de Salud de Michigan, Servicios Especiales de Salud para Ni\u00f1os y Asistencia para el Cuidado de Ni\u00f1os. &nbsp; El Pase de Acceso brinda un n\u00famero ilimitado de viajes de 60 minutos durante un a\u00f1o. Para los viajes que se extienden m\u00e1s<\/p>\n<p><a href=\"https:\/\/mogodetroit.org\/es\/pase-de-acceso-de-5\/\" class=\"readmore\" >Leer m\u00e1s<\/a><\/p>\n","protected":false},"author":2,"featured_media":0,"parent":0,"menu_order":0,"comment_status":"closed","ping_status":"closed","template":"","meta":{"_acf_changed":false,"footnotes":""},"class_list":["post-8322","page","type-page","status-publish","hentry"],"acf":[],"yoast_head":"<!-- This site is optimized with the Yoast SEO plugin v25.2 - https:\/\/yoast.com\/wordpress\/plugins\/seo\/ -->\n<title>Pase de Acceso de $5 - MoGo<\/title>\n<meta name=\"robots\" content=\"index, follow, max-snippet:-1, max-image-preview:large, max-video-preview:-1\" \/>\n<link rel=\"canonical\" href=\"https:\/\/mogodetroit.org\/es\/pase-de-acceso-de-5\/\" \/>\n<meta property=\"og:locale\" content=\"es_ES\" \/>\n<meta property=\"og:type\" content=\"article\" \/>\n<meta property=\"og:title\" content=\"Pase de Acceso de $5 - MoGo\" \/>\n<meta property=\"og:description\" content=\"El Pase de Acceso es un pase anual de $5 para los miembros registrados de los siguientes programas de subsidios estatales: Asistencia Alimentaria, Asistencia en Efectivo\/Independencia Familiar, Medicaid, Plan de Salud de Michigan, Servicios Especiales de Salud para Ni\u00f1os y Asistencia para el Cuidado de Ni\u00f1os. &nbsp; El Pase de Acceso brinda un n\u00famero ilimitado de viajes de 60 minutos durante un a\u00f1o. Para los viajes que se extienden m\u00e1sLeer m\u00e1s\" \/>\n<meta property=\"og:url\" content=\"https:\/\/mogodetroit.org\/es\/pase-de-acceso-de-5\/\" \/>\n<meta property=\"og:site_name\" content=\"MoGo\" \/>\n<meta property=\"article:modified_time\" content=\"2022-06-24T17:57:41+00:00\" \/>\n<meta property=\"og:image\" content=\"https:\/\/mogodetroit.org\/wp-content\/uploads\/2021\/09\/MoGo_NW-Detroit_JMW_038-min-scaled.jpg\" \/>\n<meta name=\"twitter:card\" content=\"summary_large_image\" \/>\n<meta name=\"twitter:label1\" content=\"Tiempo de lectura\" \/>\n\t<meta name=\"twitter:data1\" content=\"1 minuto\" \/>\n<script type=\"application\/ld+json\" class=\"yoast-schema-graph\">{\"@context\":\"https:\/\/schema.org\",\"@graph\":[{\"@type\":\"WebPage\",\"@id\":\"https:\/\/mogodetroit.org\/es\/pase-de-acceso-de-5\/\",\"url\":\"https:\/\/mogodetroit.org\/es\/pase-de-acceso-de-5\/\",\"name\":\"Pase de Acceso de $5 - MoGo\",\"isPartOf\":{\"@id\":\"https:\/\/mogodetroit.org\/#website\"},\"primaryImageOfPage\":{\"@id\":\"https:\/\/mogodetroit.org\/es\/pase-de-acceso-de-5\/#primaryimage\"},\"image\":{\"@id\":\"https:\/\/mogodetroit.org\/es\/pase-de-acceso-de-5\/#primaryimage\"},\"thumbnailUrl\":\"https:\/\/mogodetroit.org\/wp-content\/uploads\/2021\/09\/MoGo_NW-Detroit_JMW_038-min-scaled.jpg\",\"datePublished\":\"2021-04-08T22:09:33+00:00\",\"dateModified\":\"2022-06-24T17:57:41+00:00\",\"breadcrumb\":{\"@id\":\"https:\/\/mogodetroit.org\/es\/pase-de-acceso-de-5\/#breadcrumb\"},\"inLanguage\":\"es\",\"potentialAction\":[{\"@type\":\"ReadAction\",\"target\":[\"https:\/\/mogodetroit.org\/es\/pase-de-acceso-de-5\/\"]}]},{\"@type\":\"ImageObject\",\"inLanguage\":\"es\",\"@id\":\"https:\/\/mogodetroit.org\/es\/pase-de-acceso-de-5\/#primaryimage\",\"url\":\"https:\/\/mogodetroit.org\/wp-content\/uploads\/2021\/09\/MoGo_NW-Detroit_JMW_038-min-scaled.jpg\",\"contentUrl\":\"https:\/\/mogodetroit.org\/wp-content\/uploads\/2021\/09\/MoGo_NW-Detroit_JMW_038-min-scaled.jpg\"},{\"@type\":\"BreadcrumbList\",\"@id\":\"https:\/\/mogodetroit.org\/es\/pase-de-acceso-de-5\/#breadcrumb\",\"itemListElement\":[{\"@type\":\"ListItem\",\"position\":1,\"name\":\"Home\",\"item\":\"https:\/\/mogodetroit.org\/es\/\"},{\"@type\":\"ListItem\",\"position\":2,\"name\":\"Pase de Acceso de $5\"}]},{\"@type\":\"WebSite\",\"@id\":\"https:\/\/mogodetroit.org\/#website\",\"url\":\"https:\/\/mogodetroit.org\/\",\"name\":\"MoGo\",\"description\":\"Detroit Bike Share\",\"potentialAction\":[{\"@type\":\"SearchAction\",\"target\":{\"@type\":\"EntryPoint\",\"urlTemplate\":\"https:\/\/mogodetroit.org\/?s={search_term_string}\"},\"query-input\":{\"@type\":\"PropertyValueSpecification\",\"valueRequired\":true,\"valueName\":\"search_term_string\"}}],\"inLanguage\":\"es\"}]}<\/script>\n<!-- \/ Yoast SEO plugin. -->","yoast_head_json":{"title":"Pase de Acceso de $5 - MoGo","robots":{"index":"index","follow":"follow","max-snippet":"max-snippet:-1","max-image-preview":"max-image-preview:large","max-video-preview":"max-video-preview:-1"},"canonical":"https:\/\/mogodetroit.org\/es\/pase-de-acceso-de-5\/","og_locale":"es_ES","og_type":"article","og_title":"Pase de Acceso de $5 - MoGo","og_description":"El Pase de Acceso es un pase anual de $5 para los miembros registrados de los siguientes programas de subsidios estatales: Asistencia Alimentaria, Asistencia en Efectivo\/Independencia Familiar, Medicaid, Plan de Salud de Michigan, Servicios Especiales de Salud para Ni\u00f1os y Asistencia para el Cuidado de Ni\u00f1os. &nbsp; El Pase de Acceso brinda un n\u00famero ilimitado de viajes de 60 minutos durante un a\u00f1o. Para los viajes que se extienden m\u00e1sLeer m\u00e1s","og_url":"https:\/\/mogodetroit.org\/es\/pase-de-acceso-de-5\/","og_site_name":"MoGo","article_modified_time":"2022-06-24T17:57:41+00:00","og_image":[{"url":"https:\/\/mogodetroit.org\/wp-content\/uploads\/2021\/09\/MoGo_NW-Detroit_JMW_038-min-scaled.jpg","type":"","width":"","height":""}],"twitter_card":"summary_large_image","twitter_misc":{"Tiempo de lectura":"1 minuto"},"schema":{"@context":"https:\/\/schema.org","@graph":[{"@type":"WebPage","@id":"https:\/\/mogodetroit.org\/es\/pase-de-acceso-de-5\/","url":"https:\/\/mogodetroit.org\/es\/pase-de-acceso-de-5\/","name":"Pase de Acceso de $5 - MoGo","isPartOf":{"@id":"https:\/\/mogodetroit.org\/#website"},"primaryImageOfPage":{"@id":"https:\/\/mogodetroit.org\/es\/pase-de-acceso-de-5\/#primaryimage"},"image":{"@id":"https:\/\/mogodetroit.org\/es\/pase-de-acceso-de-5\/#primaryimage"},"thumbnailUrl":"https:\/\/mogodetroit.org\/wp-content\/uploads\/2021\/09\/MoGo_NW-Detroit_JMW_038-min-scaled.jpg","datePublished":"2021-04-08T22:09:33+00:00","dateModified":"2022-06-24T17:57:41+00:00","breadcrumb":{"@id":"https:\/\/mogodetroit.org\/es\/pase-de-acceso-de-5\/#breadcrumb"},"inLanguage":"es","potentialAction":[{"@type":"ReadAction","target":["https:\/\/mogodetroit.org\/es\/pase-de-acceso-de-5\/"]}]},{"@type":"ImageObject","inLanguage":"es","@id":"https:\/\/mogodetroit.org\/es\/pase-de-acceso-de-5\/#primaryimage","url":"https:\/\/mogodetroit.org\/wp-content\/uploads\/2021\/09\/MoGo_NW-Detroit_JMW_038-min-scaled.jpg","contentUrl":"https:\/\/mogodetroit.org\/wp-content\/uploads\/2021\/09\/MoGo_NW-Detroit_JMW_038-min-scaled.jpg"},{"@type":"BreadcrumbList","@id":"https:\/\/mogodetroit.org\/es\/pase-de-acceso-de-5\/#breadcrumb","itemListElement":[{"@type":"ListItem","position":1,"name":"Home","item":"https:\/\/mogodetroit.org\/es\/"},{"@type":"ListItem","position":2,"name":"Pase de Acceso de $5"}]},{"@type":"WebSite","@id":"https:\/\/mogodetroit.org\/#website","url":"https:\/\/mogodetroit.org\/","name":"MoGo","description":"Detroit Bike Share","potentialAction":[{"@type":"SearchAction","target":{"@type":"EntryPoint","urlTemplate":"https:\/\/mogodetroit.org\/?s={search_term_string}"},"query-input":{"@type":"PropertyValueSpecification","valueRequired":true,"valueName":"search_term_string"}}],"inLanguage":"es"}]}},"_links":{"self":[{"href":"https:\/\/mogodetroit.org\/es\/wp-json\/wp\/v2\/pages\/8322","targetHints":{"allow":["GET"]}}],"collection":[{"href":"https:\/\/mogodetroit.org\/es\/wp-json\/wp\/v2\/pages"}],"about":[{"href":"https:\/\/mogodetroit.org\/es\/wp-json\/wp\/v2\/types\/page"}],"author":[{"embeddable":true,"href":"https:\/\/mogodetroit.org\/es\/wp-json\/wp\/v2\/users\/2"}],"replies":[{"embeddable":true,"href":"https:\/\/mogodetroit.org\/es\/wp-json\/wp\/v2\/comments?post=8322"}],"version-history":[{"count":3,"href":"https:\/\/mogodetroit.org\/es\/wp-json\/wp\/v2\/pages\/8322\/revisions"}],"predecessor-version":[{"id":10747,"href":"https:\/\/mogodetroit.org\/es\/wp-json\/wp\/v2\/pages\/8322\/revisions\/10747"}],"wp:attachment":[{"href":"https:\/\/mogodetroit.org\/es\/wp-json\/wp\/v2\/media?parent=8322"}],"curies":[{"name":"wp","href":"https:\/\/api.w.org\/{rel}","templated":true}]}}